{"id":12768,"date":"2024-08-28T08:28:44","date_gmt":"2024-08-28T06:28:44","guid":{"rendered":"https:\/\/www.valaz.es\/?post_type=product&#038;p=12768"},"modified":"2026-03-10T16:23:16","modified_gmt":"2026-03-10T15:23:16","slug":"grifo-monomando-de-lavabo-alto-para-pica-redondo-oro-mate-con-proteccion-pvd-serie-palancia","status":"publish","type":"product","link":"https:\/\/www.valaz.es\/en\/product\/grifo-monomando-de-lavabo-alto-para-pica-redondo-oro-mate-con-proteccion-pvd-serie-palancia\/","title":{"rendered":"Grifo monomando de lavabo alto para pica redondo oro mate con protecci\u00f3n PVD &#8211; Serie Palancia"},"content":{"rendered":"<p class=\"\" data-start=\"211\" data-end=\"549\">Este grifo monomando de lavabo alto para pica en acabado oro mate con protecci\u00f3n PVD presenta un dise\u00f1o elegante y moderno, perfecto para un estilo sofisticado en tu ba\u00f1o. El cuerpo de la grifer\u00eda en lat\u00f3n asegura durabilidad y resistencia, mientras que el cartucho cer\u00e1mico garantiza un funcionamiento suave y preciso.<\/p>\n<p class=\"\" data-start=\"551\" data-end=\"574\"><strong data-start=\"551\" data-end=\"572\">Especificaciones:<\/strong><\/p>\n<ul data-start=\"575\" data-end=\"845\">\n<li class=\"\" data-start=\"575\" data-end=\"629\">\n<p class=\"\" data-start=\"577\" data-end=\"629\"><strong data-start=\"577\" data-end=\"586\">Tipo:<\/strong> Grifo monomando de lavabo alto para pica<\/p>\n<\/li>\n<li class=\"\" data-start=\"630\" data-end=\"726\">\n<p class=\"\" data-start=\"632\" data-end=\"647\"><strong data-start=\"632\" data-end=\"645\">Material:<\/strong><\/p>\n<ul data-start=\"650\" data-end=\"726\">\n<li class=\"\" data-start=\"650\" data-end=\"684\">\n<p class=\"\" data-start=\"652\" data-end=\"684\">Cuerpo de la grifer\u00eda en lat\u00f3n<\/p>\n<\/li>\n<li class=\"\" data-start=\"687\" data-end=\"726\">\n<p class=\"\" data-start=\"689\" data-end=\"726\">Acabado oro mate con protecci\u00f3n PVD<\/p>\n<\/li>\n<\/ul>\n<\/li>\n<li class=\"\" data-start=\"727\" data-end=\"759\">\n<p class=\"\" data-start=\"729\" data-end=\"759\"><strong data-start=\"729\" data-end=\"751\">Cartucho cer\u00e1mico:<\/strong> 35 mm<\/p>\n<\/li>\n<li class=\"\" data-start=\"760\" data-end=\"803\">\n<p class=\"\" data-start=\"762\" data-end=\"803\"><strong data-start=\"762\" data-end=\"775\">Conexi\u00f3n:<\/strong> Latiguillos 3\/8 incluidos<\/p>\n<\/li>\n<li class=\"\" data-start=\"804\" data-end=\"845\">\n<p class=\"\" data-start=\"806\" data-end=\"845\"><strong data-start=\"806\" data-end=\"829\">Presi\u00f3n de trabajo:<\/strong> 0.1 &#8211; 1.0 Mpa<\/p>\n<\/li>\n<\/ul>\n","protected":false},"excerpt":{"rendered":"<p>Este grifo monomando de lavabo alto para pica en acabado  [&#8230;]<\/p>\n","protected":false},"featured_media":17983,"template":"","meta":[],"product_brand":[],"product_cat":[48],"product_tag":[],"serie":[37],"manual-de-instalacion":[83],"color":[350],"class_list":{"0":"post-12768","1":"product","2":"type-product","3":"status-publish","4":"has-post-thumbnail","6":"product_cat-grifos-de-lavabo","7":"serie-palancia","8":"manual-de-instalacion-guia-instalacion-grifo-superficie","9":"color-oro-mate-cepillado","11":"first","12":"instock","13":"taxable","14":"shipping-taxable","15":"product-type-simple"},"_links":{"self":[{"href":"https:\/\/www.valaz.es\/en\/wp-json\/wp\/v2\/product\/12768","targetHints":{"allow":["GET"]}}],"collection":[{"href":"https:\/\/www.valaz.es\/en\/wp-json\/wp\/v2\/product"}],"about":[{"href":"https:\/\/www.valaz.es\/en\/wp-json\/wp\/v2\/types\/product"}],"wp:featuredmedia":[{"embeddable":true,"href":"https:\/\/www.valaz.es\/en\/wp-json\/wp\/v2\/media\/17983"}],"wp:attachment":[{"href":"https:\/\/www.valaz.es\/en\/wp-json\/wp\/v2\/media?parent=12768"}],"wp:term":[{"taxonomy":"product_brand","embeddable":true,"href":"https:\/\/www.valaz.es\/en\/wp-json\/wp\/v2\/product_brand?post=12768"},{"taxonomy":"product_cat","embeddable":true,"href":"https:\/\/www.valaz.es\/en\/wp-json\/wp\/v2\/product_cat?post=12768"},{"taxonomy":"product_tag","embeddable":true,"href":"https:\/\/www.valaz.es\/en\/wp-json\/wp\/v2\/product_tag?post=12768"},{"taxonomy":"serie","embeddable":true,"href":"https:\/\/www.valaz.es\/en\/wp-json\/wp\/v2\/serie?post=12768"},{"taxonomy":"manual-de-instalacion","embeddable":true,"href":"https:\/\/www.valaz.es\/en\/wp-json\/wp\/v2\/manual-de-instalacion?post=12768"},{"taxonomy":"color","embeddable":true,"href":"https:\/\/www.valaz.es\/en\/wp-json\/wp\/v2\/color?post=12768"}],"curies":[{"name":"wp","href":"https:\/\/api.w.org\/{rel}","templated":true}]}}