{"id":12680,"date":"2024-08-27T12:08:04","date_gmt":"2024-08-27T10:08:04","guid":{"rendered":"https:\/\/www.valaz.es\/?post_type=product&#038;p=12680"},"modified":"2026-04-10T13:23:09","modified_gmt":"2026-04-10T11:23:09","slug":"ducha-empotrada-de-banera-a-pared-oro-mate-con-proteccion-pvd-serie-jucar","status":"publish","type":"product","link":"https:\/\/www.valaz.es\/en\/product\/ducha-empotrada-de-banera-a-pared-oro-mate-con-proteccion-pvd-serie-jucar\/","title":{"rendered":"Ducha empotrada de ba\u00f1era a pared oro mate con protecci\u00f3n PVD &#8211; Serie Jucar"},"content":{"rendered":"<p class=\"\" data-start=\"189\" data-end=\"602\">Esta ducha empotrada para ba\u00f1era, con acabado en oro mate y protecci\u00f3n PVD, ofrece un dise\u00f1o moderno y elegante. El sistema incluye un rociador de 25 cm con soporte a pared, un monomando de 3 v\u00edas (rociador efecto lluvia, alcachofa de mano y ca\u00f1o grifo de 21 cm), adem\u00e1s de un flexo de 150 cm y soporte para la alcachofa de mano. La opci\u00f3n ideal para quienes buscan confort y estilo en su ba\u00f1o.<\/p>\n<p class=\"\" data-start=\"604\" data-end=\"627\"><strong data-start=\"604\" data-end=\"625\">Especificaciones:<\/strong><\/p>\n<ul data-start=\"628\" data-end=\"1106\">\n<li class=\"\" data-start=\"628\" data-end=\"675\">\n<p class=\"\" data-start=\"630\" data-end=\"675\"><strong data-start=\"630\" data-end=\"639\">Tipo:<\/strong> Ducha empotrada de ba\u00f1era a pared<\/p>\n<\/li>\n<li class=\"\" data-start=\"676\" data-end=\"818\">\n<p class=\"\" data-start=\"678\" data-end=\"695\"><strong data-start=\"678\" data-end=\"693\">Materiales:<\/strong><\/p>\n<ul data-start=\"698\" data-end=\"818\">\n<li class=\"\" data-start=\"698\" data-end=\"730\">\n<p class=\"\" data-start=\"700\" data-end=\"730\">Rociador de acero inoxidable<\/p>\n<\/li>\n<li class=\"\" data-start=\"733\" data-end=\"755\">\n<p class=\"\" data-start=\"735\" data-end=\"755\">Monomando de lat\u00f3n<\/p>\n<\/li>\n<li class=\"\" data-start=\"758\" data-end=\"786\">\n<p class=\"\" data-start=\"760\" data-end=\"786\">Alcachofa de mano de PVC<\/p>\n<\/li>\n<li class=\"\" data-start=\"789\" data-end=\"818\">\n<p class=\"\" data-start=\"791\" data-end=\"818\">Flexo de PVC<\/p>\n<\/li>\n<\/ul>\n<\/li>\n<li class=\"\" data-start=\"819\" data-end=\"863\">\n<p class=\"\" data-start=\"821\" data-end=\"863\"><strong data-start=\"821\" data-end=\"833\">Acabado:<\/strong> Oro mate con protecci\u00f3n PVD<\/p>\n<\/li>\n<li class=\"\" data-start=\"864\" data-end=\"961\">\n<p class=\"\" data-start=\"866\" data-end=\"882\"><strong data-start=\"866\" data-end=\"880\">Funciones:<\/strong><\/p>\n<ul data-start=\"885\" data-end=\"961\">\n<li class=\"\" data-start=\"885\" data-end=\"911\">\n<p class=\"\" data-start=\"887\" data-end=\"911\">Rociador efecto lluvia<\/p>\n<\/li>\n<li class=\"\" data-start=\"914\" data-end=\"935\">\n<p class=\"\" data-start=\"916\" data-end=\"935\">Alcachofa de mano<\/p>\n<\/li>\n<li class=\"\" data-start=\"938\" data-end=\"961\">\n<p class=\"\" data-start=\"940\" data-end=\"961\">Ca\u00f1o grifo de 21 cm<\/p>\n<\/li>\n<\/ul>\n<\/li>\n<li class=\"\" data-start=\"962\" data-end=\"1106\">\n<p class=\"\" data-start=\"964\" data-end=\"978\"><strong data-start=\"964\" data-end=\"976\">Incluye:<\/strong><\/p>\n<ul data-start=\"981\" data-end=\"1106\">\n<li class=\"\" data-start=\"981\" data-end=\"1022\">\n<p class=\"\" data-start=\"983\" data-end=\"1022\">Rociador de 25 cm con soporte a pared<\/p>\n<\/li>\n<li class=\"\" data-start=\"1025\" data-end=\"1048\">\n<p class=\"\" data-start=\"1027\" data-end=\"1048\">Monomando de 3 v\u00edas<\/p>\n<\/li>\n<li class=\"\" data-start=\"1051\" data-end=\"1070\">\n<p class=\"\" data-start=\"1053\" data-end=\"1070\">Flexo de 150 cm<\/p>\n<\/li>\n<li class=\"\" data-start=\"1073\" data-end=\"1106\">\n<p class=\"\" data-start=\"1075\" data-end=\"1106\">Alcachofa de mano con soporte<\/p>\n<\/li>\n<li data-start=\"1073\" data-end=\"1106\">Caja box empotrable<\/li>\n<\/ul>\n<\/li>\n<\/ul>\n","protected":false},"excerpt":{"rendered":"<p>Esta ducha empotrada para ba\u00f1era, con acabado en oro mate  [&#8230;]<\/p>\n","protected":false},"featured_media":13363,"template":"","meta":[],"product_brand":[],"product_cat":[61],"product_tag":[],"serie":[56],"manual-de-instalacion":[78],"color":[350],"class_list":{"0":"post-12680","1":"product","2":"type-product","3":"status-publish","4":"has-post-thumbnail","6":"product_cat-griferia-de-banera-empotrada","7":"pa_tamano-rociador-20cm","8":"pa_tamano-rociador-25cm","9":"pa_tamano-rociador-30cm","10":"serie-jucar","11":"manual-de-instalacion-guia-instalacion-duchas-empotradas-monomando","12":"color-oro-mate-cepillado","14":"first","15":"instock","16":"taxable","17":"shipping-taxable","18":"product-type-variable"},"_links":{"self":[{"href":"https:\/\/www.valaz.es\/en\/wp-json\/wp\/v2\/product\/12680","targetHints":{"allow":["GET"]}}],"collection":[{"href":"https:\/\/www.valaz.es\/en\/wp-json\/wp\/v2\/product"}],"about":[{"href":"https:\/\/www.valaz.es\/en\/wp-json\/wp\/v2\/types\/product"}],"wp:featuredmedia":[{"embeddable":true,"href":"https:\/\/www.valaz.es\/en\/wp-json\/wp\/v2\/media\/13363"}],"wp:attachment":[{"href":"https:\/\/www.valaz.es\/en\/wp-json\/wp\/v2\/media?parent=12680"}],"wp:term":[{"taxonomy":"product_brand","embeddable":true,"href":"https:\/\/www.valaz.es\/en\/wp-json\/wp\/v2\/product_brand?post=12680"},{"taxonomy":"product_cat","embeddable":true,"href":"https:\/\/www.valaz.es\/en\/wp-json\/wp\/v2\/product_cat?post=12680"},{"taxonomy":"product_tag","embeddable":true,"href":"https:\/\/www.valaz.es\/en\/wp-json\/wp\/v2\/product_tag?post=12680"},{"taxonomy":"serie","embeddable":true,"href":"https:\/\/www.valaz.es\/en\/wp-json\/wp\/v2\/serie?post=12680"},{"taxonomy":"manual-de-instalacion","embeddable":true,"href":"https:\/\/www.valaz.es\/en\/wp-json\/wp\/v2\/manual-de-instalacion?post=12680"},{"taxonomy":"color","embeddable":true,"href":"https:\/\/www.valaz.es\/en\/wp-json\/wp\/v2\/color?post=12680"}],"curies":[{"name":"wp","href":"https:\/\/api.w.org\/{rel}","templated":true}]}}