{"id":12493,"date":"2024-08-09T13:47:04","date_gmt":"2024-08-09T11:47:04","guid":{"rendered":"https:\/\/www.valaz.es\/?post_type=product&#038;p=12493"},"modified":"2025-09-02T17:13:21","modified_gmt":"2025-09-02T15:13:21","slug":"grifo-de-bide-monomando-acabado-maneta-luxury-negro-mate-serie-oda","status":"publish","type":"product","link":"https:\/\/www.valaz.es\/en\/product\/grifo-de-bide-monomando-acabado-maneta-luxury-negro-mate-serie-oda\/","title":{"rendered":"Grifo de bid\u00e9 monomando acabado maneta luxury negro mate &#8211; Serie Oda"},"content":{"rendered":"<p class=\"\" data-start=\"208\" data-end=\"608\">Este grifo de bid\u00e9 monomando de la serie Oda, con su acabado en negro mate, a\u00f1ade un toque moderno y elegante a tu ba\u00f1o. Su dise\u00f1o de maneta luxury asegura un control preciso del flujo de agua. Equipado con un cartucho cer\u00e1mico de 35 mm, ofrece durabilidad y un funcionamiento suave. Perfecto para quienes buscan un estilo contempor\u00e1neo sin renunciar a la calidad y el rendimiento.<\/p>\n<p class=\"\" data-start=\"610\" data-end=\"633\"><strong data-start=\"610\" data-end=\"631\">Especificaciones:<\/strong><\/p>\n<ul data-start=\"634\" data-end=\"897\">\n<li class=\"\" data-start=\"634\" data-end=\"671\">\n<p class=\"\" data-start=\"636\" data-end=\"671\"><strong data-start=\"636\" data-end=\"645\">Tipo:<\/strong> Grifo de bid\u00e9 monomando<\/p>\n<\/li>\n<li class=\"\" data-start=\"672\" data-end=\"699\">\n<p class=\"\" data-start=\"674\" data-end=\"699\"><strong data-start=\"674\" data-end=\"686\">Acabado:<\/strong> Negro mate<\/p>\n<\/li>\n<li class=\"\" data-start=\"700\" data-end=\"791\">\n<p class=\"\" data-start=\"702\" data-end=\"719\"><strong data-start=\"702\" data-end=\"717\">Materiales:<\/strong><\/p>\n<ul data-start=\"722\" data-end=\"791\">\n<li class=\"\" data-start=\"722\" data-end=\"758\">\n<p class=\"\" data-start=\"724\" data-end=\"758\">Cuerpo de grifer\u00eda en negro mate<\/p>\n<\/li>\n<li class=\"\" data-start=\"761\" data-end=\"791\">\n<p class=\"\" data-start=\"763\" data-end=\"791\">Cartucho cer\u00e1mico de 35 mm<\/p>\n<\/li>\n<\/ul>\n<\/li>\n<li class=\"\" data-start=\"792\" data-end=\"830\">\n<p class=\"\" data-start=\"794\" data-end=\"808\"><strong data-start=\"794\" data-end=\"806\">Incluye:<\/strong><\/p>\n<ul data-start=\"811\" data-end=\"830\">\n<li class=\"\" data-start=\"811\" data-end=\"830\">\n<p class=\"\" data-start=\"813\" data-end=\"830\">Latiguillos 3\/8<\/p>\n<\/li>\n<\/ul>\n<\/li>\n<li class=\"\" data-start=\"831\" data-end=\"897\">\n<p class=\"\" data-start=\"833\" data-end=\"897\"><strong data-start=\"833\" data-end=\"849\">Instalaci\u00f3n:<\/strong> Compatible con sistemas de instalaci\u00f3n est\u00e1ndar<\/p>\n<\/li>\n<\/ul>\n","protected":false},"excerpt":{"rendered":"<p>Este grifo de bid\u00e9 monomando de la serie Oda, con  [&#8230;]<\/p>\n","protected":false},"featured_media":12386,"template":"","meta":[],"product_brand":[],"product_cat":[54],"product_tag":[],"serie":[400],"manual-de-instalacion":[83],"color":[27],"class_list":{"0":"post-12493","1":"product","2":"type-product","3":"status-publish","4":"has-post-thumbnail","6":"product_cat-grifos-de-bidet","7":"serie-oda","8":"manual-de-instalacion-guia-instalacion-grifo-superficie","9":"color-negro-mate","11":"first","12":"instock","13":"taxable","14":"shipping-taxable","15":"product-type-simple"},"_links":{"self":[{"href":"https:\/\/www.valaz.es\/en\/wp-json\/wp\/v2\/product\/12493","targetHints":{"allow":["GET"]}}],"collection":[{"href":"https:\/\/www.valaz.es\/en\/wp-json\/wp\/v2\/product"}],"about":[{"href":"https:\/\/www.valaz.es\/en\/wp-json\/wp\/v2\/types\/product"}],"wp:featuredmedia":[{"embeddable":true,"href":"https:\/\/www.valaz.es\/en\/wp-json\/wp\/v2\/media\/12386"}],"wp:attachment":[{"href":"https:\/\/www.valaz.es\/en\/wp-json\/wp\/v2\/media?parent=12493"}],"wp:term":[{"taxonomy":"product_brand","embeddable":true,"href":"https:\/\/www.valaz.es\/en\/wp-json\/wp\/v2\/product_brand?post=12493"},{"taxonomy":"product_cat","embeddable":true,"href":"https:\/\/www.valaz.es\/en\/wp-json\/wp\/v2\/product_cat?post=12493"},{"taxonomy":"product_tag","embeddable":true,"href":"https:\/\/www.valaz.es\/en\/wp-json\/wp\/v2\/product_tag?post=12493"},{"taxonomy":"serie","embeddable":true,"href":"https:\/\/www.valaz.es\/en\/wp-json\/wp\/v2\/serie?post=12493"},{"taxonomy":"manual-de-instalacion","embeddable":true,"href":"https:\/\/www.valaz.es\/en\/wp-json\/wp\/v2\/manual-de-instalacion?post=12493"},{"taxonomy":"color","embeddable":true,"href":"https:\/\/www.valaz.es\/en\/wp-json\/wp\/v2\/color?post=12493"}],"curies":[{"name":"wp","href":"https:\/\/api.w.org\/{rel}","templated":true}]}}