{"id":11888,"date":"2025-04-02T10:48:52","date_gmt":"2025-04-02T08:48:52","guid":{"rendered":"https:\/\/www.valaz.es\/?post_type=product&#038;p=11888"},"modified":"2025-10-31T13:24:57","modified_gmt":"2025-10-31T12:24:57","slug":"barra-de-ducha-banera-termostatica-redonda-oro-mate-con-proteccion-pvd-serie-ebro","status":"publish","type":"product","link":"https:\/\/www.valaz.es\/en\/product\/barra-de-ducha-banera-termostatica-redonda-oro-mate-con-proteccion-pvd-serie-ebro\/","title":{"rendered":"Barra de ducha\/ba\u00f1era termost\u00e1tica redonda ajustable hasta 150CM oro mate con protecci\u00f3n PVD &#8211; Serie Ebro"},"content":{"rendered":"<p class=\"\" data-start=\"101\" data-end=\"320\">Sistema de ducha termost\u00e1tico con dise\u00f1o redondo y acabado en oro mate cepillado con protecci\u00f3n PVD. Cuenta con barra ajustable en altura y rociador de acero inoxidable para una experiencia de ba\u00f1o c\u00f3moda y funcional.<\/p>\n<h5 class=\"\" data-start=\"322\" data-end=\"347\">Especificaciones:<\/h5>\n<ul data-start=\"348\" data-end=\"600\" data-is-last-node=\"\" data-is-only-node=\"\">\n<li class=\"\" data-start=\"348\" data-end=\"447\">\n<p class=\"\" data-start=\"350\" data-end=\"447\"><strong data-start=\"350\" data-end=\"365\">Materiales:<\/strong> Cuerpo de lat\u00f3n, rociador de acero inoxidable, flexo y alcachofa de mano en PVC<\/p>\n<\/li>\n<li class=\"\" data-start=\"448\" data-end=\"502\">\n<p class=\"\" data-start=\"450\" data-end=\"502\"><strong data-start=\"450\" data-end=\"462\">Acabado:<\/strong> Oro mate cepillado con protecci\u00f3n PVD<\/p>\n<\/li>\n<li class=\"\" data-start=\"503\" data-end=\"529\">\n<p class=\"\" data-start=\"505\" data-end=\"529\"><strong data-start=\"505\" data-end=\"514\">Tipo:<\/strong> Termost\u00e1tico<\/p>\n<\/li>\n<li class=\"\" data-start=\"530\" data-end=\"572\">\n<p class=\"\" data-start=\"532\" data-end=\"572\"><strong data-start=\"532\" data-end=\"552\">Barra ajustable:<\/strong> De 90 cm a 150 cm<\/p>\n<\/li>\n<li class=\"\" data-start=\"530\" data-end=\"572\">\n<p class=\"\" data-start=\"532\" data-end=\"572\"><strong data-start=\"649\" data-end=\"665\">Instalaci\u00f3n:<\/strong> De pared, con separaci\u00f3n est\u00e1ndar de 15 cm entre tomas<\/p>\n<article class=\"w-full text-token-text-primary\" dir=\"auto\" data-testid=\"conversation-turn-464\" data-scroll-anchor=\"true\">\n<div class=\"text-base my-auto mx-auto py-5 px-6\">\n<div class=\"mx-auto flex flex-1 text-base gap-4 md:gap-5 lg:gap-6 md:max-w-3xl lg:max-w-[40rem] xl:max-w-[48rem] group\/turn-messages focus-visible:outline-none\" tabindex=\"-1\">\n<div class=\"group\/conversation-turn relative flex w-full min-w-0 flex-col agent-turn @xs\/thread:px-0 @sm\/thread:px-1.5 @md\/thread:px-4\">\n<div class=\"relative flex-col gap-1 md:gap-3\">\n<div class=\"flex max-w-full flex-col flex-grow\">\n<div class=\"min-h-8 text-message relative flex w-full flex-col items-end gap-2 whitespace-normal break-words text-start [.text-message+&amp;]:mt-5\" dir=\"auto\" data-message-author-role=\"assistant\" data-message-id=\"4b0318b7-89b7-4479-9278-7f6eb509a08c\" data-message-model-slug=\"gpt-4o\">\n<div class=\"flex w-full flex-col gap-1 empty:hidden first:pt-[3px]\">\n<div class=\"markdown prose w-full break-words dark:prose-invert light\"><\/div>\n<\/div>\n<\/div>\n<\/div>\n<div class=\"flex justify-start\"><\/div>\n<\/div>\n<\/div>\n<\/div>\n<\/div>\n<\/article>\n<\/li>\n<\/ul>\n","protected":false},"excerpt":{"rendered":"<p>Sistema de ducha termost\u00e1tico con dise\u00f1o redondo y acabado en  [&#8230;]<\/p>\n","protected":false},"featured_media":15156,"template":"","meta":[],"product_brand":[],"product_cat":[55],"product_tag":[],"serie":[24],"manual-de-instalacion":[],"color":[350],"class_list":{"0":"post-11888","1":"product","2":"type-product","3":"status-publish","4":"has-post-thumbnail","6":"product_cat-barras-de-ducha","7":"pa_tamano-rociador-20cm","8":"pa_tamano-rociador-25cm","9":"pa_tamano-rociador-30cm","10":"serie-ebro","11":"color-oro-mate-cepillado","13":"first","14":"instock","15":"taxable","16":"shipping-taxable","17":"product-type-variable"},"_links":{"self":[{"href":"https:\/\/www.valaz.es\/en\/wp-json\/wp\/v2\/product\/11888","targetHints":{"allow":["GET"]}}],"collection":[{"href":"https:\/\/www.valaz.es\/en\/wp-json\/wp\/v2\/product"}],"about":[{"href":"https:\/\/www.valaz.es\/en\/wp-json\/wp\/v2\/types\/product"}],"wp:featuredmedia":[{"embeddable":true,"href":"https:\/\/www.valaz.es\/en\/wp-json\/wp\/v2\/media\/15156"}],"wp:attachment":[{"href":"https:\/\/www.valaz.es\/en\/wp-json\/wp\/v2\/media?parent=11888"}],"wp:term":[{"taxonomy":"product_brand","embeddable":true,"href":"https:\/\/www.valaz.es\/en\/wp-json\/wp\/v2\/product_brand?post=11888"},{"taxonomy":"product_cat","embeddable":true,"href":"https:\/\/www.valaz.es\/en\/wp-json\/wp\/v2\/product_cat?post=11888"},{"taxonomy":"product_tag","embeddable":true,"href":"https:\/\/www.valaz.es\/en\/wp-json\/wp\/v2\/product_tag?post=11888"},{"taxonomy":"serie","embeddable":true,"href":"https:\/\/www.valaz.es\/en\/wp-json\/wp\/v2\/serie?post=11888"},{"taxonomy":"manual-de-instalacion","embeddable":true,"href":"https:\/\/www.valaz.es\/en\/wp-json\/wp\/v2\/manual-de-instalacion?post=11888"},{"taxonomy":"color","embeddable":true,"href":"https:\/\/www.valaz.es\/en\/wp-json\/wp\/v2\/color?post=11888"}],"curies":[{"name":"wp","href":"https:\/\/api.w.org\/{rel}","templated":true}]}}