{"id":11374,"date":"2024-03-22T13:55:59","date_gmt":"2024-03-22T12:55:59","guid":{"rendered":"https:\/\/www.valaz.es\/?post_type=product&#038;p=11374"},"modified":"2025-07-03T17:19:16","modified_gmt":"2025-07-03T15:19:16","slug":"griferia-para-banera-empotrada-cuadrada-monomando-con-cascada-cromado-serie-tajo","status":"publish","type":"product","link":"https:\/\/www.valaz.es\/en\/product\/griferia-para-banera-empotrada-cuadrada-monomando-con-cascada-cromado-serie-tajo\/","title":{"rendered":"Griferia para ba\u00f1era empotrada cuadrada monomando con cascada cromado &#8211; Serie Tajo"},"content":{"rendered":"<p class=\"\" data-start=\"88\" data-end=\"456\">La <strong data-start=\"110\" data-end=\"153\">grifer\u00eda para ba\u00f1era empotrada cuadrada<\/strong> de la <strong data-start=\"160\" data-end=\"174\">Serie Tajo<\/strong> en <strong data-start=\"178\" data-end=\"189\">cromado<\/strong> ofrece un dise\u00f1o elegante y funcional. Con su <strong data-start=\"236\" data-end=\"259\">monomando de 2 v\u00edas<\/strong>, podr\u00e1s disfrutar de un control preciso del agua mientras el <strong data-start=\"321\" data-end=\"347\">ca\u00f1o grifo con cascada<\/strong> a\u00f1ade un toque de lujo a tu ba\u00f1o. Ideal para quienes buscan una experiencia de ba\u00f1o relajante y sofisticada.<\/p>\n<p class=\"\" data-start=\"458\" data-end=\"481\"><strong data-start=\"458\" data-end=\"479\">Especificaciones:<\/strong><\/p>\n<ul data-start=\"482\" data-end=\"644\">\n<li class=\"\" data-start=\"482\" data-end=\"582\">\n<p class=\"\" data-start=\"484\" data-end=\"510\"><strong data-start=\"484\" data-end=\"507\">Monomando de 2 v\u00edas<\/strong>:<\/p>\n<ul data-start=\"513\" data-end=\"582\">\n<li class=\"\" data-start=\"513\" data-end=\"549\">\n<p class=\"\" data-start=\"515\" data-end=\"549\">Salida por <strong data-start=\"526\" data-end=\"547\">alcachofa de mano<\/strong><\/p>\n<\/li>\n<li class=\"\" data-start=\"552\" data-end=\"582\">\n<p class=\"\" data-start=\"554\" data-end=\"582\"><strong data-start=\"554\" data-end=\"580\">Ca\u00f1o grifo con cascada<\/strong><\/p>\n<\/li>\n<\/ul>\n<\/li>\n<li class=\"\" data-start=\"583\" data-end=\"606\">\n<p class=\"\" data-start=\"585\" data-end=\"606\"><strong data-start=\"585\" data-end=\"594\">Flexo<\/strong> de acero inoxidable de 150 cm<\/p>\n<\/li>\n<li class=\"\" data-start=\"607\" data-end=\"644\">\n<p class=\"\" data-start=\"609\" data-end=\"644\"><strong data-start=\"609\" data-end=\"630\">Alcachofa de mano de lat\u00f3n<\/strong> con soporte<\/p>\n<\/li>\n<\/ul>\n<p class=\"\" data-start=\"646\" data-end=\"660\"><strong data-start=\"646\" data-end=\"658\">Acabado:<\/strong><\/p>\n<ul data-start=\"661\" data-end=\"765\">\n<li class=\"\" data-start=\"661\" data-end=\"765\">\n<p class=\"\" data-start=\"663\" data-end=\"765\"><strong data-start=\"663\" data-end=\"674\">Cromado<\/strong>, un acabado brillante y resistente que combina perfectamente con cualquier estilo de ba\u00f1o.<\/p>\n<\/li>\n<\/ul>\n<p class=\"\" data-start=\"767\" data-end=\"783\"><strong data-start=\"767\" data-end=\"781\">Funciones:<\/strong><\/p>\n<ul data-start=\"784\" data-end=\"932\">\n<li class=\"\" data-start=\"784\" data-end=\"932\">\n<p class=\"\" data-start=\"786\" data-end=\"932\">Esta grifer\u00eda ofrece dos funciones: la opci\u00f3n de disfrutar de la <strong data-start=\"851\" data-end=\"872\">alcachofa de mano<\/strong> o el <strong data-start=\"878\" data-end=\"898\">ca\u00f1o con cascada<\/strong>, dependiendo de tus preferencias.<\/p>\n<\/li>\n<\/ul>\n<p class=\"\" data-start=\"784\" data-end=\"948\"><strong>Incluye:<\/strong><\/p>\n<ul>\n<li data-start=\"784\" data-end=\"948\">Caja box empotrable<\/li>\n<\/ul>\n","protected":false},"excerpt":{"rendered":"<p>La grifer\u00eda para ba\u00f1era empotrada cuadrada de la Serie Tajo  [&#8230;]<\/p>\n","protected":false},"featured_media":11357,"template":"","meta":[],"product_brand":[],"product_cat":[61],"product_tag":[],"serie":[23],"manual-de-instalacion":[78],"color":[26],"class_list":{"0":"post-11374","1":"product","2":"type-product","3":"status-publish","4":"has-post-thumbnail","6":"product_cat-griferia-de-banera-empotrada","7":"serie-tajo","8":"manual-de-instalacion-guia-instalacion-duchas-empotradas-monomando","9":"color-cromo","11":"first","12":"instock","13":"taxable","14":"shipping-taxable","15":"product-type-simple"},"_links":{"self":[{"href":"https:\/\/www.valaz.es\/en\/wp-json\/wp\/v2\/product\/11374","targetHints":{"allow":["GET"]}}],"collection":[{"href":"https:\/\/www.valaz.es\/en\/wp-json\/wp\/v2\/product"}],"about":[{"href":"https:\/\/www.valaz.es\/en\/wp-json\/wp\/v2\/types\/product"}],"wp:featuredmedia":[{"embeddable":true,"href":"https:\/\/www.valaz.es\/en\/wp-json\/wp\/v2\/media\/11357"}],"wp:attachment":[{"href":"https:\/\/www.valaz.es\/en\/wp-json\/wp\/v2\/media?parent=11374"}],"wp:term":[{"taxonomy":"product_brand","embeddable":true,"href":"https:\/\/www.valaz.es\/en\/wp-json\/wp\/v2\/product_brand?post=11374"},{"taxonomy":"product_cat","embeddable":true,"href":"https:\/\/www.valaz.es\/en\/wp-json\/wp\/v2\/product_cat?post=11374"},{"taxonomy":"product_tag","embeddable":true,"href":"https:\/\/www.valaz.es\/en\/wp-json\/wp\/v2\/product_tag?post=11374"},{"taxonomy":"serie","embeddable":true,"href":"https:\/\/www.valaz.es\/en\/wp-json\/wp\/v2\/serie?post=11374"},{"taxonomy":"manual-de-instalacion","embeddable":true,"href":"https:\/\/www.valaz.es\/en\/wp-json\/wp\/v2\/manual-de-instalacion?post=11374"},{"taxonomy":"color","embeddable":true,"href":"https:\/\/www.valaz.es\/en\/wp-json\/wp\/v2\/color?post=11374"}],"curies":[{"name":"wp","href":"https:\/\/api.w.org\/{rel}","templated":true}]}}