{"id":11281,"date":"2024-03-27T09:45:32","date_gmt":"2024-03-27T08:45:32","guid":{"rendered":"https:\/\/www.valaz.es\/?post_type=product&#038;p=11281"},"modified":"2026-03-04T23:23:09","modified_gmt":"2026-03-04T22:23:09","slug":"ducha-empotrada-monomando-redonda-oro-mate-con-proteccion-pvd-a-pared-serie-cenia","status":"publish","type":"product","link":"https:\/\/www.valaz.es\/en\/product\/ducha-empotrada-monomando-redonda-oro-mate-con-proteccion-pvd-a-pared-serie-cenia\/","title":{"rendered":"Ducha empotrada monomando redonda oro mate con protecci\u00f3n PVD a pared &#8211; Serie Cenia"},"content":{"rendered":"<p class=\"\" data-start=\"89\" data-end=\"413\">La <strong data-start=\"111\" data-end=\"148\">ducha empotrada monomando redonda<\/strong> de la <strong data-start=\"155\" data-end=\"170\">Serie Cenia<\/strong> combina un dise\u00f1o elegante con funcionalidad, ofreciendo un acabado <strong data-start=\"239\" data-end=\"270\">oro mate con protecci\u00f3n PVD<\/strong> para una mayor durabilidad y resistencia. Con su instalaci\u00f3n empotrada a la pared, es ideal para una est\u00e9tica limpia y sofisticada en tu ba\u00f1o.<\/p>\n<p class=\"\" data-start=\"415\" data-end=\"438\"><strong data-start=\"415\" data-end=\"436\">Especificaciones:<\/strong><\/p>\n<ul data-start=\"439\" data-end=\"875\">\n<li class=\"\" data-start=\"439\" data-end=\"576\">\n<p class=\"\" data-start=\"441\" data-end=\"458\"><strong data-start=\"441\" data-end=\"456\">Materiales:<\/strong><\/p>\n<ul data-start=\"461\" data-end=\"576\">\n<li class=\"\" data-start=\"461\" data-end=\"495\">\n<p class=\"\" data-start=\"463\" data-end=\"495\"><strong data-start=\"463\" data-end=\"476\">Rociador:<\/strong> Acero inoxidable<\/p>\n<\/li>\n<li class=\"\" data-start=\"498\" data-end=\"522\">\n<p class=\"\" data-start=\"500\" data-end=\"522\"><strong data-start=\"500\" data-end=\"514\">Monomando:<\/strong> Lat\u00f3n<\/p>\n<\/li>\n<li class=\"\" data-start=\"525\" data-end=\"555\">\n<p class=\"\" data-start=\"527\" data-end=\"555\"><strong data-start=\"527\" data-end=\"549\">Alcachofa de mano:<\/strong> PVC<\/p>\n<\/li>\n<li class=\"\" data-start=\"558\" data-end=\"576\">\n<p class=\"\" data-start=\"560\" data-end=\"576\"><strong data-start=\"560\" data-end=\"570\">Flexo:<\/strong> PVC<\/p>\n<\/li>\n<\/ul>\n<\/li>\n<li class=\"\" data-start=\"577\" data-end=\"626\">\n<p class=\"\" data-start=\"579\" data-end=\"626\"><strong data-start=\"579\" data-end=\"604\">Tama\u00f1os del rociador:<\/strong> 20 cm, 25 cm, 30 cm<\/p>\n<\/li>\n<li class=\"\" data-start=\"627\" data-end=\"741\">\n<p class=\"\" data-start=\"629\" data-end=\"645\"><strong data-start=\"629\" data-end=\"643\">Funciones:<\/strong><\/p>\n<ul data-start=\"648\" data-end=\"741\">\n<li class=\"\" data-start=\"648\" data-end=\"717\">\n<p class=\"\" data-start=\"650\" data-end=\"717\"><strong data-start=\"650\" data-end=\"661\">2 v\u00edas:<\/strong> Salida por rociador efecto lluvia y alcachofa de mano<\/p>\n<\/li>\n<li class=\"\" data-start=\"720\" data-end=\"741\">\n<p class=\"\" data-start=\"722\" data-end=\"741\"><strong data-start=\"722\" data-end=\"732\">Flexo:<\/strong> 150 cm<\/p>\n<\/li>\n<\/ul>\n<\/li>\n<li><strong>Incluye:<\/strong> Caja box empotrable<\/li>\n<\/ul>\n","protected":false},"excerpt":{"rendered":"<p>La ducha empotrada monomando redonda de la Serie Cenia combina  [&#8230;]<\/p>\n","protected":false},"featured_media":11433,"template":"","meta":[],"product_brand":[],"product_cat":[57],"product_tag":[],"serie":[399],"manual-de-instalacion":[78],"color":[350],"class_list":{"0":"post-11281","1":"product","2":"type-product","3":"status-publish","4":"has-post-thumbnail","6":"product_cat-duchas-empotradas","7":"pa_tamano-rociador-20cm","8":"pa_tamano-rociador-25cm","9":"pa_tamano-rociador-30cm","10":"serie-cenia","11":"manual-de-instalacion-guia-instalacion-duchas-empotradas-monomando","12":"color-oro-mate-cepillado","14":"first","15":"instock","16":"taxable","17":"shipping-taxable","18":"product-type-variable"},"_links":{"self":[{"href":"https:\/\/www.valaz.es\/en\/wp-json\/wp\/v2\/product\/11281","targetHints":{"allow":["GET"]}}],"collection":[{"href":"https:\/\/www.valaz.es\/en\/wp-json\/wp\/v2\/product"}],"about":[{"href":"https:\/\/www.valaz.es\/en\/wp-json\/wp\/v2\/types\/product"}],"wp:featuredmedia":[{"embeddable":true,"href":"https:\/\/www.valaz.es\/en\/wp-json\/wp\/v2\/media\/11433"}],"wp:attachment":[{"href":"https:\/\/www.valaz.es\/en\/wp-json\/wp\/v2\/media?parent=11281"}],"wp:term":[{"taxonomy":"product_brand","embeddable":true,"href":"https:\/\/www.valaz.es\/en\/wp-json\/wp\/v2\/product_brand?post=11281"},{"taxonomy":"product_cat","embeddable":true,"href":"https:\/\/www.valaz.es\/en\/wp-json\/wp\/v2\/product_cat?post=11281"},{"taxonomy":"product_tag","embeddable":true,"href":"https:\/\/www.valaz.es\/en\/wp-json\/wp\/v2\/product_tag?post=11281"},{"taxonomy":"serie","embeddable":true,"href":"https:\/\/www.valaz.es\/en\/wp-json\/wp\/v2\/serie?post=11281"},{"taxonomy":"manual-de-instalacion","embeddable":true,"href":"https:\/\/www.valaz.es\/en\/wp-json\/wp\/v2\/manual-de-instalacion?post=11281"},{"taxonomy":"color","embeddable":true,"href":"https:\/\/www.valaz.es\/en\/wp-json\/wp\/v2\/color?post=11281"}],"curies":[{"name":"wp","href":"https:\/\/api.w.org\/{rel}","templated":true}]}}