{"id":11277,"date":"2024-03-27T09:45:29","date_gmt":"2024-03-27T08:45:29","guid":{"rendered":"https:\/\/www.valaz.es\/?post_type=product&#038;p=11277"},"modified":"2026-03-03T13:28:32","modified_gmt":"2026-03-03T12:28:32","slug":"ducha-empotrada-monomando-redonda-negro-mate-a-pared-serie-cenia","status":"publish","type":"product","link":"https:\/\/www.valaz.es\/en\/product\/ducha-empotrada-monomando-redonda-negro-mate-a-pared-serie-cenia\/","title":{"rendered":"Ducha empotrada monomando redonda negro mate a pared &#8211; Serie Cenia"},"content":{"rendered":"<p class=\"\" data-start=\"72\" data-end=\"416\">La <strong data-start=\"94\" data-end=\"131\">ducha empotrada monomando redonda<\/strong> de la <strong data-start=\"138\" data-end=\"153\">Serie Cenia<\/strong> en <strong data-start=\"157\" data-end=\"171\">negro mate<\/strong> es la opci\u00f3n perfecta para aquellos que buscan un dise\u00f1o moderno y elegante. Con su instalaci\u00f3n empotrada a la pared, proporciona una apariencia limpia y ordenada, mientras que su acabado en negro mate a\u00f1ade un toque de sofisticaci\u00f3n a tu ba\u00f1o.<\/p>\n<p class=\"\" data-start=\"418\" data-end=\"441\"><strong data-start=\"418\" data-end=\"439\">Especificaciones:<\/strong><\/p>\n<ul data-start=\"442\" data-end=\"877\">\n<li class=\"\" data-start=\"442\" data-end=\"592\">\n<p class=\"\" data-start=\"444\" data-end=\"461\"><strong data-start=\"444\" data-end=\"459\">Materiales:<\/strong><\/p>\n<ul data-start=\"464\" data-end=\"592\">\n<li class=\"\" data-start=\"464\" data-end=\"498\">\n<p class=\"\" data-start=\"466\" data-end=\"498\"><strong data-start=\"466\" data-end=\"479\">Rociador:<\/strong> Acero inoxidable<\/p>\n<\/li>\n<li class=\"\" data-start=\"501\" data-end=\"525\">\n<p class=\"\" data-start=\"503\" data-end=\"525\"><strong data-start=\"503\" data-end=\"517\">Monomando:<\/strong> Lat\u00f3n<\/p>\n<\/li>\n<li class=\"\" data-start=\"528\" data-end=\"558\">\n<p class=\"\" data-start=\"530\" data-end=\"558\"><strong data-start=\"530\" data-end=\"552\">Alcachofa de mano:<\/strong> PVC<\/p>\n<\/li>\n<li class=\"\" data-start=\"561\" data-end=\"592\">\n<p class=\"\" data-start=\"563\" data-end=\"592\"><strong data-start=\"563\" data-end=\"573\">Flexo:<\/strong> PVC<\/p>\n<\/li>\n<\/ul>\n<\/li>\n<li class=\"\" data-start=\"593\" data-end=\"642\">\n<p class=\"\" data-start=\"595\" data-end=\"642\"><strong data-start=\"595\" data-end=\"620\">Tama\u00f1os del rociador:<\/strong> 20 cm, 25 cm, 30 cm<\/p>\n<\/li>\n<li class=\"\" data-start=\"643\" data-end=\"757\">\n<p class=\"\" data-start=\"645\" data-end=\"661\"><strong data-start=\"645\" data-end=\"659\">Funciones:<\/strong><\/p>\n<ul data-start=\"664\" data-end=\"757\">\n<li class=\"\" data-start=\"664\" data-end=\"733\">\n<p class=\"\" data-start=\"666\" data-end=\"733\"><strong data-start=\"666\" data-end=\"677\">2 v\u00edas:<\/strong> Salida por rociador efecto lluvia y alcachofa de mano<\/p>\n<\/li>\n<li class=\"\" data-start=\"736\" data-end=\"757\">\n<p class=\"\" data-start=\"738\" data-end=\"757\"><strong data-start=\"738\" data-end=\"748\">Flexo:<\/strong> 150 cm<\/p>\n<\/li>\n<\/ul>\n<\/li>\n<li><strong>Incluye:<\/strong> Caja box empotrable<\/li>\n<\/ul>\n","protected":false},"excerpt":{"rendered":"<p>La ducha empotrada monomando redonda de la Serie Cenia en  [&#8230;]<\/p>\n","protected":false},"featured_media":11437,"template":"","meta":[],"product_brand":[],"product_cat":[57],"product_tag":[],"serie":[399],"manual-de-instalacion":[78],"color":[27],"class_list":{"0":"post-11277","1":"product","2":"type-product","3":"status-publish","4":"has-post-thumbnail","6":"product_cat-duchas-empotradas","7":"pa_tamano-rociador-20cm","8":"pa_tamano-rociador-25cm","9":"pa_tamano-rociador-30cm","10":"serie-cenia","11":"manual-de-instalacion-guia-instalacion-duchas-empotradas-monomando","12":"color-negro-mate","14":"first","15":"instock","16":"taxable","17":"shipping-taxable","18":"product-type-variable"},"_links":{"self":[{"href":"https:\/\/www.valaz.es\/en\/wp-json\/wp\/v2\/product\/11277","targetHints":{"allow":["GET"]}}],"collection":[{"href":"https:\/\/www.valaz.es\/en\/wp-json\/wp\/v2\/product"}],"about":[{"href":"https:\/\/www.valaz.es\/en\/wp-json\/wp\/v2\/types\/product"}],"wp:featuredmedia":[{"embeddable":true,"href":"https:\/\/www.valaz.es\/en\/wp-json\/wp\/v2\/media\/11437"}],"wp:attachment":[{"href":"https:\/\/www.valaz.es\/en\/wp-json\/wp\/v2\/media?parent=11277"}],"wp:term":[{"taxonomy":"product_brand","embeddable":true,"href":"https:\/\/www.valaz.es\/en\/wp-json\/wp\/v2\/product_brand?post=11277"},{"taxonomy":"product_cat","embeddable":true,"href":"https:\/\/www.valaz.es\/en\/wp-json\/wp\/v2\/product_cat?post=11277"},{"taxonomy":"product_tag","embeddable":true,"href":"https:\/\/www.valaz.es\/en\/wp-json\/wp\/v2\/product_tag?post=11277"},{"taxonomy":"serie","embeddable":true,"href":"https:\/\/www.valaz.es\/en\/wp-json\/wp\/v2\/serie?post=11277"},{"taxonomy":"manual-de-instalacion","embeddable":true,"href":"https:\/\/www.valaz.es\/en\/wp-json\/wp\/v2\/manual-de-instalacion?post=11277"},{"taxonomy":"color","embeddable":true,"href":"https:\/\/www.valaz.es\/en\/wp-json\/wp\/v2\/color?post=11277"}],"curies":[{"name":"wp","href":"https:\/\/api.w.org\/{rel}","templated":true}]}}