{"id":11268,"date":"2024-03-27T09:45:12","date_gmt":"2024-03-27T08:45:12","guid":{"rendered":"https:\/\/www.valaz.es\/?post_type=product&#038;p=11268"},"modified":"2026-02-14T18:23:36","modified_gmt":"2026-02-14T17:23:36","slug":"ducha-empotrada-monomando-redonda-cromada-a-pared-serie-cenia","status":"publish","type":"product","link":"https:\/\/www.valaz.es\/en\/product\/ducha-empotrada-monomando-redonda-cromada-a-pared-serie-cenia\/","title":{"rendered":"Ducha empotrada monomando redonda cromada a pared &#8211; Serie Cenia"},"content":{"rendered":"<p class=\"\" data-start=\"69\" data-end=\"412\">La <strong data-start=\"91\" data-end=\"128\">ducha empotrada monomando redonda<\/strong> de la <strong data-start=\"135\" data-end=\"150\">Serie Cenia<\/strong> en <strong data-start=\"154\" data-end=\"163\">cromo<\/strong> es una opci\u00f3n elegante y moderna que aporta un toque de sofisticaci\u00f3n a cualquier ba\u00f1o. Su dise\u00f1o empotrado a la pared asegura una instalaci\u00f3n limpia y ordenada, mientras que el acabado cromado aporta un brillo distintivo que resalta en tu espacio.<\/p>\n<p class=\"\" data-start=\"414\" data-end=\"437\"><strong data-start=\"414\" data-end=\"435\">Especificaciones:<\/strong><\/p>\n<ul data-start=\"438\" data-end=\"875\">\n<li class=\"\" data-start=\"438\" data-end=\"588\">\n<p class=\"\" data-start=\"440\" data-end=\"457\"><strong data-start=\"440\" data-end=\"455\">Materiales:<\/strong><\/p>\n<ul data-start=\"460\" data-end=\"588\">\n<li class=\"\" data-start=\"460\" data-end=\"494\">\n<p class=\"\" data-start=\"462\" data-end=\"494\"><strong data-start=\"462\" data-end=\"475\">Rociador:<\/strong> Acero inoxidable<\/p>\n<\/li>\n<li class=\"\" data-start=\"497\" data-end=\"521\">\n<p class=\"\" data-start=\"499\" data-end=\"521\"><strong data-start=\"499\" data-end=\"513\">Monomando:<\/strong> Lat\u00f3n<\/p>\n<\/li>\n<li class=\"\" data-start=\"524\" data-end=\"554\">\n<p class=\"\" data-start=\"526\" data-end=\"554\"><strong data-start=\"526\" data-end=\"548\">Alcachofa de mano:<\/strong> PVC<\/p>\n<\/li>\n<li class=\"\" data-start=\"557\" data-end=\"588\">\n<p class=\"\" data-start=\"559\" data-end=\"588\"><strong data-start=\"559\" data-end=\"569\">Flexo:<\/strong> Acero inoxidable<\/p>\n<\/li>\n<\/ul>\n<\/li>\n<li class=\"\" data-start=\"589\" data-end=\"638\">\n<p class=\"\" data-start=\"591\" data-end=\"638\"><strong data-start=\"591\" data-end=\"616\">Tama\u00f1os del rociador:<\/strong> 20 cm, 25 cm, 30 cm<\/p>\n<\/li>\n<li class=\"\" data-start=\"639\" data-end=\"753\">\n<p class=\"\" data-start=\"641\" data-end=\"657\"><strong data-start=\"641\" data-end=\"655\">Funciones:<\/strong><\/p>\n<ul data-start=\"660\" data-end=\"753\">\n<li class=\"\" data-start=\"660\" data-end=\"729\">\n<p class=\"\" data-start=\"662\" data-end=\"729\"><strong data-start=\"662\" data-end=\"673\">2 v\u00edas:<\/strong> Salida por rociador efecto lluvia y alcachofa de mano<\/p>\n<\/li>\n<li class=\"\" data-start=\"732\" data-end=\"753\">\n<p class=\"\" data-start=\"734\" data-end=\"753\"><strong data-start=\"734\" data-end=\"744\">Flexo:<\/strong> 150 cm<\/p>\n<\/li>\n<\/ul>\n<\/li>\n<li><strong>Incluye:<\/strong> Caja box empotrable<\/li>\n<\/ul>\n","protected":false},"excerpt":{"rendered":"<p>La ducha empotrada monomando redonda de la Serie Cenia en  [&#8230;]<\/p>\n","protected":false},"featured_media":11441,"template":"","meta":[],"product_brand":[],"product_cat":[57],"product_tag":[],"serie":[399],"manual-de-instalacion":[78],"color":[26],"class_list":{"0":"post-11268","1":"product","2":"type-product","3":"status-publish","4":"has-post-thumbnail","6":"product_cat-duchas-empotradas","7":"pa_tamano-rociador-20cm","8":"pa_tamano-rociador-25cm","9":"pa_tamano-rociador-30cm","10":"serie-cenia","11":"manual-de-instalacion-guia-instalacion-duchas-empotradas-monomando","12":"color-cromo","14":"first","15":"instock","16":"taxable","17":"shipping-taxable","18":"product-type-variable"},"_links":{"self":[{"href":"https:\/\/www.valaz.es\/en\/wp-json\/wp\/v2\/product\/11268","targetHints":{"allow":["GET"]}}],"collection":[{"href":"https:\/\/www.valaz.es\/en\/wp-json\/wp\/v2\/product"}],"about":[{"href":"https:\/\/www.valaz.es\/en\/wp-json\/wp\/v2\/types\/product"}],"wp:featuredmedia":[{"embeddable":true,"href":"https:\/\/www.valaz.es\/en\/wp-json\/wp\/v2\/media\/11441"}],"wp:attachment":[{"href":"https:\/\/www.valaz.es\/en\/wp-json\/wp\/v2\/media?parent=11268"}],"wp:term":[{"taxonomy":"product_brand","embeddable":true,"href":"https:\/\/www.valaz.es\/en\/wp-json\/wp\/v2\/product_brand?post=11268"},{"taxonomy":"product_cat","embeddable":true,"href":"https:\/\/www.valaz.es\/en\/wp-json\/wp\/v2\/product_cat?post=11268"},{"taxonomy":"product_tag","embeddable":true,"href":"https:\/\/www.valaz.es\/en\/wp-json\/wp\/v2\/product_tag?post=11268"},{"taxonomy":"serie","embeddable":true,"href":"https:\/\/www.valaz.es\/en\/wp-json\/wp\/v2\/serie?post=11268"},{"taxonomy":"manual-de-instalacion","embeddable":true,"href":"https:\/\/www.valaz.es\/en\/wp-json\/wp\/v2\/manual-de-instalacion?post=11268"},{"taxonomy":"color","embeddable":true,"href":"https:\/\/www.valaz.es\/en\/wp-json\/wp\/v2\/color?post=11268"}],"curies":[{"name":"wp","href":"https:\/\/api.w.org\/{rel}","templated":true}]}}