{"id":11230,"date":"2024-03-14T11:12:53","date_gmt":"2024-03-14T10:12:53","guid":{"rendered":"https:\/\/www.valaz.es\/?post_type=product&#038;p=11230"},"modified":"2026-04-07T11:18:26","modified_gmt":"2026-04-07T09:18:26","slug":"grifo-de-lavabo-alto-para-pica-monomando-redondo-cano-oro-mate-con-proteccion-pvd-serie-ebro","status":"publish","type":"product","link":"https:\/\/www.valaz.es\/en\/product\/grifo-de-lavabo-alto-para-pica-monomando-redondo-cano-oro-mate-con-proteccion-pvd-serie-ebro\/","title":{"rendered":"Grifo de lavabo alto para pica monomando redondo ca\u00f1o oro mate con protecci\u00f3n PVD &#8211; Serie Ebro"},"content":{"rendered":"<p class=\"\" data-start=\"100\" data-end=\"439\">El <strong data-start=\"122\" data-end=\"156\">grifo de lavabo alto para pica<\/strong> de la <strong data-start=\"163\" data-end=\"177\">Serie Ebro<\/strong> ofrece un dise\u00f1o moderno con un <strong data-start=\"210\" data-end=\"233\">acabado en oro mate<\/strong> con <strong data-start=\"238\" data-end=\"256\">protecci\u00f3n PVD<\/strong>, que asegura una mayor durabilidad y resistencia al desgaste. Su <strong data-start=\"322\" data-end=\"338\">ca\u00f1o redondo<\/strong> y su elegante est\u00e9tica lo convierten en la elecci\u00f3n perfecta para ba\u00f1os con un estilo contempor\u00e1neo.<\/p>\n<p class=\"\" data-start=\"441\" data-end=\"463\"><strong data-start=\"441\" data-end=\"461\">Caracter\u00edsticas:<\/strong><\/p>\n<ul data-start=\"464\" data-end=\"709\">\n<li class=\"\" data-start=\"464\" data-end=\"506\">\n<p class=\"\" data-start=\"466\" data-end=\"506\"><strong data-start=\"466\" data-end=\"479\">Monomando<\/strong> de lavabo alto para pica<\/p>\n<\/li>\n<li class=\"\" data-start=\"507\" data-end=\"559\">\n<p class=\"\" data-start=\"509\" data-end=\"559\"><strong data-start=\"509\" data-end=\"531\">Cuerpo de grifer\u00eda<\/strong> en <strong data-start=\"535\" data-end=\"557\">oro mate cepillado<\/strong><\/p>\n<\/li>\n<li class=\"\" data-start=\"560\" data-end=\"636\">\n<p class=\"\" data-start=\"562\" data-end=\"636\"><strong data-start=\"562\" data-end=\"583\">Cartucho cer\u00e1mico<\/strong> de 35 mm para un control preciso del flujo de agua<\/p>\n<\/li>\n<li class=\"\" data-start=\"637\" data-end=\"709\">\n<p class=\"\" data-start=\"639\" data-end=\"709\"><strong data-start=\"639\" data-end=\"658\">Latiguillos 3\/8<\/strong> incluidos para una instalaci\u00f3n sencilla y r\u00e1pida<\/p>\n<\/li>\n<\/ul>\n<p class=\"\" data-start=\"711\" data-end=\"725\"><strong data-start=\"711\" data-end=\"723\">Acabado:<\/strong><\/p>\n<ul data-start=\"726\" data-end=\"824\">\n<li class=\"\" data-start=\"726\" data-end=\"824\">\n<p class=\"\" data-start=\"728\" data-end=\"824\"><strong data-start=\"728\" data-end=\"740\">Oro mate<\/strong> con <strong data-start=\"745\" data-end=\"763\">protecci\u00f3n PVD<\/strong>, garantizando resistencia al desgaste y f\u00e1cil mantenimiento.<\/p>\n<\/li>\n<\/ul>\n<p class=\"\" data-start=\"826\" data-end=\"843\"><strong data-start=\"826\" data-end=\"841\">Materiales:<\/strong><\/p>\n<ul data-start=\"844\" data-end=\"940\">\n<li class=\"\" data-start=\"844\" data-end=\"880\">\n<p class=\"\" data-start=\"846\" data-end=\"880\"><strong data-start=\"846\" data-end=\"872\">Cuerpo de la grifer\u00eda:<\/strong> Lat\u00f3n<\/p>\n<\/li>\n<li class=\"\" data-start=\"881\" data-end=\"907\">\n<p class=\"\" data-start=\"883\" data-end=\"907\"><strong data-start=\"883\" data-end=\"896\">Cartucho:<\/strong> Cer\u00e1mico<\/p>\n<\/li>\n<li class=\"\" data-start=\"908\" data-end=\"940\">\n<p class=\"\" data-start=\"910\" data-end=\"940\"><strong data-start=\"910\" data-end=\"926\">Latiguillos:<\/strong> 3\/8 incluidos<\/p>\n<\/li>\n<\/ul>\n","protected":false},"excerpt":{"rendered":"<p>El grifo de lavabo alto para pica de la Serie  [&#8230;]<\/p>\n","protected":false},"featured_media":11208,"template":"","meta":[],"product_brand":[],"product_cat":[48],"product_tag":[],"serie":[24],"manual-de-instalacion":[83],"color":[350],"class_list":{"0":"post-11230","1":"product","2":"type-product","3":"status-publish","4":"has-post-thumbnail","6":"product_cat-grifos-de-lavabo","7":"serie-ebro","8":"manual-de-instalacion-guia-instalacion-grifo-superficie","9":"color-oro-mate-cepillado","11":"first","12":"outofstock","13":"taxable","14":"shipping-taxable","15":"product-type-simple"},"_links":{"self":[{"href":"https:\/\/www.valaz.es\/en\/wp-json\/wp\/v2\/product\/11230","targetHints":{"allow":["GET"]}}],"collection":[{"href":"https:\/\/www.valaz.es\/en\/wp-json\/wp\/v2\/product"}],"about":[{"href":"https:\/\/www.valaz.es\/en\/wp-json\/wp\/v2\/types\/product"}],"wp:featuredmedia":[{"embeddable":true,"href":"https:\/\/www.valaz.es\/en\/wp-json\/wp\/v2\/media\/11208"}],"wp:attachment":[{"href":"https:\/\/www.valaz.es\/en\/wp-json\/wp\/v2\/media?parent=11230"}],"wp:term":[{"taxonomy":"product_brand","embeddable":true,"href":"https:\/\/www.valaz.es\/en\/wp-json\/wp\/v2\/product_brand?post=11230"},{"taxonomy":"product_cat","embeddable":true,"href":"https:\/\/www.valaz.es\/en\/wp-json\/wp\/v2\/product_cat?post=11230"},{"taxonomy":"product_tag","embeddable":true,"href":"https:\/\/www.valaz.es\/en\/wp-json\/wp\/v2\/product_tag?post=11230"},{"taxonomy":"serie","embeddable":true,"href":"https:\/\/www.valaz.es\/en\/wp-json\/wp\/v2\/serie?post=11230"},{"taxonomy":"manual-de-instalacion","embeddable":true,"href":"https:\/\/www.valaz.es\/en\/wp-json\/wp\/v2\/manual-de-instalacion?post=11230"},{"taxonomy":"color","embeddable":true,"href":"https:\/\/www.valaz.es\/en\/wp-json\/wp\/v2\/color?post=11230"}],"curies":[{"name":"wp","href":"https:\/\/api.w.org\/{rel}","templated":true}]}}