{"id":11228,"date":"2024-03-14T10:26:34","date_gmt":"2024-03-14T09:26:34","guid":{"rendered":"https:\/\/www.valaz.es\/?post_type=product&#038;p=11228"},"modified":"2026-03-12T13:38:23","modified_gmt":"2026-03-12T12:38:23","slug":"grifo-de-bidet-monomando-redondo-negro-mate-serie-ebro","status":"publish","type":"product","link":"https:\/\/www.valaz.es\/en\/product\/grifo-de-bidet-monomando-redondo-negro-mate-serie-ebro\/","title":{"rendered":"Grifo de bidet monomando redondo negro mate &#8211; Serie Ebro"},"content":{"rendered":"<p class=\"\" data-start=\"57\" data-end=\"420\">El <strong data-start=\"79\" data-end=\"107\">grifo de bidet monomando<\/strong> de la <strong data-start=\"114\" data-end=\"128\">Serie Ebro<\/strong> presenta un elegante dise\u00f1o <strong data-start=\"157\" data-end=\"168\">redondo<\/strong> en <strong data-start=\"172\" data-end=\"186\">negro mate<\/strong>, ideal para darle un toque moderno y sofisticado a tu ba\u00f1o. Su funcionalidad de <strong data-start=\"267\" data-end=\"280\">monomando<\/strong> permite un control f\u00e1cil y preciso del flujo y la temperatura del agua, mientras que su acabado <strong data-start=\"377\" data-end=\"391\">negro mate<\/strong> aporta estilo y resistencia.<\/p>\n<p class=\"\" data-start=\"422\" data-end=\"444\"><strong data-start=\"422\" data-end=\"442\">Caracter\u00edsticas:<\/strong><\/p>\n<ul data-start=\"445\" data-end=\"666\">\n<li class=\"\" data-start=\"445\" data-end=\"473\">\n<p class=\"\" data-start=\"447\" data-end=\"473\"><strong data-start=\"447\" data-end=\"460\">Monomando<\/strong> para bidet<\/p>\n<\/li>\n<li class=\"\" data-start=\"474\" data-end=\"518\">\n<p class=\"\" data-start=\"476\" data-end=\"518\"><strong data-start=\"476\" data-end=\"498\">Cuerpo de grifer\u00eda<\/strong> en <strong data-start=\"502\" data-end=\"516\">negro mate<\/strong><\/p>\n<\/li>\n<li class=\"\" data-start=\"519\" data-end=\"595\">\n<p class=\"\" data-start=\"521\" data-end=\"595\"><strong data-start=\"521\" data-end=\"542\">Cartucho cer\u00e1mico<\/strong> de 35 mm para un control preciso del flujo de agua<\/p>\n<\/li>\n<li class=\"\" data-start=\"596\" data-end=\"666\">\n<p class=\"\" data-start=\"598\" data-end=\"666\"><strong data-start=\"598\" data-end=\"617\">Latiguillos 3\/8<\/strong> incluidos para una instalaci\u00f3n r\u00e1pida y c\u00f3moda<\/p>\n<\/li>\n<\/ul>\n<p class=\"\" data-start=\"668\" data-end=\"682\"><strong data-start=\"668\" data-end=\"680\">Acabado:<\/strong><\/p>\n<ul data-start=\"683\" data-end=\"786\">\n<li class=\"\" data-start=\"683\" data-end=\"786\">\n<p class=\"\" data-start=\"685\" data-end=\"786\"><strong data-start=\"685\" data-end=\"699\">Negro mate<\/strong>, proporcionando un dise\u00f1o elegante y moderno que complementa cualquier estilo de ba\u00f1o.<\/p>\n<\/li>\n<\/ul>\n<p class=\"\" data-start=\"788\" data-end=\"805\"><strong data-start=\"788\" data-end=\"803\">Materiales:<\/strong><\/p>\n<ul data-start=\"806\" data-end=\"902\">\n<li class=\"\" data-start=\"806\" data-end=\"842\">\n<p class=\"\" data-start=\"808\" data-end=\"842\"><strong data-start=\"808\" data-end=\"834\">Cuerpo de la grifer\u00eda:<\/strong> Lat\u00f3n<\/p>\n<\/li>\n<li class=\"\" data-start=\"843\" data-end=\"869\">\n<p class=\"\" data-start=\"845\" data-end=\"869\"><strong data-start=\"845\" data-end=\"858\">Cartucho:<\/strong> Cer\u00e1mico<\/p>\n<\/li>\n<li class=\"\" data-start=\"870\" data-end=\"902\">\n<p class=\"\" data-start=\"872\" data-end=\"902\"><strong data-start=\"872\" data-end=\"888\">Latiguillos:<\/strong> 3\/8 incluidos<\/p>\n<\/li>\n<\/ul>\n","protected":false},"excerpt":{"rendered":"<p>El grifo de bidet monomando de la Serie Ebro presenta  [&#8230;]<\/p>\n","protected":false},"featured_media":11216,"template":"","meta":[],"product_brand":[],"product_cat":[54],"product_tag":[],"serie":[24],"manual-de-instalacion":[83],"color":[27],"class_list":{"0":"post-11228","1":"product","2":"type-product","3":"status-publish","4":"has-post-thumbnail","6":"product_cat-grifos-de-bidet","7":"serie-ebro","8":"manual-de-instalacion-guia-instalacion-grifo-superficie","9":"color-negro-mate","11":"first","12":"instock","13":"taxable","14":"shipping-taxable","15":"product-type-simple"},"_links":{"self":[{"href":"https:\/\/www.valaz.es\/en\/wp-json\/wp\/v2\/product\/11228","targetHints":{"allow":["GET"]}}],"collection":[{"href":"https:\/\/www.valaz.es\/en\/wp-json\/wp\/v2\/product"}],"about":[{"href":"https:\/\/www.valaz.es\/en\/wp-json\/wp\/v2\/types\/product"}],"wp:featuredmedia":[{"embeddable":true,"href":"https:\/\/www.valaz.es\/en\/wp-json\/wp\/v2\/media\/11216"}],"wp:attachment":[{"href":"https:\/\/www.valaz.es\/en\/wp-json\/wp\/v2\/media?parent=11228"}],"wp:term":[{"taxonomy":"product_brand","embeddable":true,"href":"https:\/\/www.valaz.es\/en\/wp-json\/wp\/v2\/product_brand?post=11228"},{"taxonomy":"product_cat","embeddable":true,"href":"https:\/\/www.valaz.es\/en\/wp-json\/wp\/v2\/product_cat?post=11228"},{"taxonomy":"product_tag","embeddable":true,"href":"https:\/\/www.valaz.es\/en\/wp-json\/wp\/v2\/product_tag?post=11228"},{"taxonomy":"serie","embeddable":true,"href":"https:\/\/www.valaz.es\/en\/wp-json\/wp\/v2\/serie?post=11228"},{"taxonomy":"manual-de-instalacion","embeddable":true,"href":"https:\/\/www.valaz.es\/en\/wp-json\/wp\/v2\/manual-de-instalacion?post=11228"},{"taxonomy":"color","embeddable":true,"href":"https:\/\/www.valaz.es\/en\/wp-json\/wp\/v2\/color?post=11228"}],"curies":[{"name":"wp","href":"https:\/\/api.w.org\/{rel}","templated":true}]}}