{"id":10859,"date":"2024-02-14T17:13:55","date_gmt":"2024-02-14T16:13:55","guid":{"rendered":"https:\/\/www.valaz.es\/?post_type=product&#038;p=10859"},"modified":"2025-06-24T13:54:22","modified_gmt":"2025-06-24T11:54:22","slug":"barra-de-ducha-banera-ajustable-hasta-150cm-en-cromado","status":"publish","type":"product","link":"https:\/\/www.valaz.es\/en\/product\/barra-de-ducha-banera-ajustable-hasta-150cm-en-cromado\/","title":{"rendered":"Barra de ducha\/ba\u00f1era ajustable hasta 150CM en cromado"},"content":{"rendered":"<p class=\"\" data-start=\"60\" data-end=\"538\">La <strong data-start=\"82\" data-end=\"117\">barra de ducha\/ba\u00f1era ajustable<\/strong> de <strong data-start=\"121\" data-end=\"136\">90 a 150 cm<\/strong> con <strong data-start=\"141\" data-end=\"160\">acabado cromado<\/strong> es la soluci\u00f3n perfecta para quienes buscan flexibilidad y un dise\u00f1o moderno en su ba\u00f1o. Su sistema de ajuste permite adaptarse a diferentes tama\u00f1os de espacios, brindando una instalaci\u00f3n personalizada que se ajusta a la perfecci\u00f3n a tus necesidades. El acabado cromado le proporciona resistencia y facilidad de mantenimiento, adem\u00e1s de aportar un toque de elegancia a tu ba\u00f1o.<\/p>\n<p class=\"\" data-start=\"540\" data-end=\"562\"><strong data-start=\"540\" data-end=\"560\">Caracter\u00edsticas:<\/strong><\/p>\n<ul data-start=\"563\" data-end=\"1071\">\n<li class=\"\" data-start=\"563\" data-end=\"711\">\n<p class=\"\" data-start=\"565\" data-end=\"711\"><strong data-start=\"565\" data-end=\"578\">Material:<\/strong> Fabricada en <strong data-start=\"592\" data-end=\"612\">acero inoxidable<\/strong> con acabado cromado, lo que asegura una alta resistencia a la corrosi\u00f3n y facilidad de limpieza.<\/p>\n<\/li>\n<li class=\"\" data-start=\"712\" data-end=\"841\">\n<p class=\"\" data-start=\"714\" data-end=\"841\"><strong data-start=\"714\" data-end=\"728\">Ajustable:<\/strong> Longitud ajustable de <strong data-start=\"751\" data-end=\"769\">90 cm a 150 cm<\/strong>, ideal para adaptarse a diferentes configuraciones de ducha o ba\u00f1era.<\/p>\n<\/li>\n<li class=\"\" data-start=\"842\" data-end=\"936\">\n<p class=\"\" data-start=\"844\" data-end=\"936\"><strong data-start=\"844\" data-end=\"863\">Dise\u00f1o moderno:<\/strong> Con una estructura redonda que aporta un toque minimalista y elegante.<\/p>\n<\/li>\n<li class=\"\" data-start=\"937\" data-end=\"1071\">\n<p class=\"\" data-start=\"939\" data-end=\"1071\"><strong data-start=\"939\" data-end=\"955\">Durabilidad:<\/strong> Resistente al uso diario, perfecta para soportar el peso de las duchas o ba\u00f1eras y la exposici\u00f3n constante al agua.<\/p>\n<\/li>\n<\/ul>\n<p class=\"\" data-start=\"1073\" data-end=\"1087\"><strong data-start=\"1073\" data-end=\"1085\">Acabado:<\/strong><\/p>\n<ul data-start=\"1088\" data-end=\"1222\">\n<li class=\"\" data-start=\"1088\" data-end=\"1222\">\n<p class=\"\" data-start=\"1090\" data-end=\"1222\"><strong data-start=\"1090\" data-end=\"1101\">Cromado<\/strong>, ofreciendo una superficie brillante y de f\u00e1cil mantenimiento, que conserva su aspecto limpio y brillante con el tiempo.<\/p>\n<\/li>\n<\/ul>\n","protected":false},"excerpt":{"rendered":"<p>La barra de ducha\/ba\u00f1era ajustable de 90 a 150 cm  [&#8230;]<\/p>\n","protected":false},"featured_media":10855,"template":"","meta":[],"product_brand":[],"product_cat":[70],"product_tag":[],"serie":[],"manual-de-instalacion":[],"color":[26],"class_list":{"0":"post-10859","1":"product","2":"type-product","3":"status-publish","4":"has-post-thumbnail","6":"product_cat-accesorios","7":"color-cromo","9":"first","10":"instock","11":"taxable","12":"shipping-taxable","13":"product-type-simple"},"_links":{"self":[{"href":"https:\/\/www.valaz.es\/en\/wp-json\/wp\/v2\/product\/10859","targetHints":{"allow":["GET"]}}],"collection":[{"href":"https:\/\/www.valaz.es\/en\/wp-json\/wp\/v2\/product"}],"about":[{"href":"https:\/\/www.valaz.es\/en\/wp-json\/wp\/v2\/types\/product"}],"wp:featuredmedia":[{"embeddable":true,"href":"https:\/\/www.valaz.es\/en\/wp-json\/wp\/v2\/media\/10855"}],"wp:attachment":[{"href":"https:\/\/www.valaz.es\/en\/wp-json\/wp\/v2\/media?parent=10859"}],"wp:term":[{"taxonomy":"product_brand","embeddable":true,"href":"https:\/\/www.valaz.es\/en\/wp-json\/wp\/v2\/product_brand?post=10859"},{"taxonomy":"product_cat","embeddable":true,"href":"https:\/\/www.valaz.es\/en\/wp-json\/wp\/v2\/product_cat?post=10859"},{"taxonomy":"product_tag","embeddable":true,"href":"https:\/\/www.valaz.es\/en\/wp-json\/wp\/v2\/product_tag?post=10859"},{"taxonomy":"serie","embeddable":true,"href":"https:\/\/www.valaz.es\/en\/wp-json\/wp\/v2\/serie?post=10859"},{"taxonomy":"manual-de-instalacion","embeddable":true,"href":"https:\/\/www.valaz.es\/en\/wp-json\/wp\/v2\/manual-de-instalacion?post=10859"},{"taxonomy":"color","embeddable":true,"href":"https:\/\/www.valaz.es\/en\/wp-json\/wp\/v2\/color?post=10859"}],"curies":[{"name":"wp","href":"https:\/\/api.w.org\/{rel}","templated":true}]}}