{"id":10844,"date":"2024-02-14T15:32:44","date_gmt":"2024-02-14T14:32:44","guid":{"rendered":"https:\/\/www.valaz.es\/?post_type=product&#038;p=10844"},"modified":"2026-04-23T11:04:56","modified_gmt":"2026-04-23T09:04:56","slug":"grifo-lavabo-empotrado-redondo-monomando-cromado-acabado-maneta-luxury-serie-torina","status":"publish","type":"product","link":"https:\/\/www.valaz.es\/en\/product\/grifo-lavabo-empotrado-redondo-monomando-cromado-acabado-maneta-luxury-serie-torina\/","title":{"rendered":"Grifo lavabo empotrado redondo monomando cromado acabado maneta luxury &#8211; Serie Torina"},"content":{"rendered":"<p class=\"\" data-start=\"94\" data-end=\"416\">Este <strong data-start=\"118\" data-end=\"155\">grifo empotrado redondo monomando<\/strong> de la <strong data-start=\"162\" data-end=\"178\">Serie Torina<\/strong> presenta un dise\u00f1o elegante con un acabado cromado que aporta un toque moderno y sofisticado a tu lavabo. Con la <strong data-start=\"292\" data-end=\"309\">maneta luxury<\/strong>, puedes controlar el flujo de agua con precisi\u00f3n, combinando est\u00e9tica y funcionalidad en un solo producto.<\/p>\n<p class=\"\" data-start=\"418\" data-end=\"440\"><strong data-start=\"418\" data-end=\"438\">Caracter\u00edsticas:<\/strong><\/p>\n<ul data-start=\"441\" data-end=\"978\">\n<li class=\"\" data-start=\"441\" data-end=\"547\">\n<p class=\"\" data-start=\"443\" data-end=\"547\"><strong data-start=\"443\" data-end=\"456\">Material:<\/strong> Fabricado en <strong data-start=\"470\" data-end=\"487\">lat\u00f3n cromado<\/strong>, lo que asegura durabilidad y resistencia a la corrosi\u00f3n.<\/p>\n<\/li>\n<li class=\"\" data-start=\"548\" data-end=\"646\">\n<p class=\"\" data-start=\"550\" data-end=\"646\"><strong data-start=\"550\" data-end=\"580\">Cartucho cer\u00e1mico de 35 mm<\/strong>, garantizando un funcionamiento suave y preciso durante el uso.<\/p>\n<\/li>\n<li class=\"\" data-start=\"647\" data-end=\"740\">\n<p class=\"\" data-start=\"649\" data-end=\"740\"><strong data-start=\"649\" data-end=\"666\">Maneta luxury<\/strong>, dise\u00f1ada para un agarre c\u00f3modo y control eficiente del caudal de agua.<\/p>\n<\/li>\n<li class=\"\" data-start=\"741\" data-end=\"857\">\n<p class=\"\" data-start=\"743\" data-end=\"857\"><strong data-start=\"743\" data-end=\"768\">Instalaci\u00f3n empotrada<\/strong>, que ofrece un acabado limpio y minimalista, ideal para ba\u00f1os de dise\u00f1o contempor\u00e1neo.<\/p>\n<\/li>\n<li class=\"\" data-start=\"858\" data-end=\"978\">\n<p class=\"\" data-start=\"860\" data-end=\"978\"><strong data-start=\"860\" data-end=\"871\">Redondo<\/strong>: Su forma redondeada le da un toque elegante y moderno, perfectamente adaptado a cualquier estilo de ba\u00f1o.<\/p>\n<\/li>\n<\/ul>\n<p class=\"\" data-start=\"980\" data-end=\"994\"><strong data-start=\"980\" data-end=\"992\">Acabado:<\/strong><\/p>\n<ul data-start=\"995\" data-end=\"1235\">\n<li class=\"\" data-start=\"995\" data-end=\"1130\">\n<p class=\"\" data-start=\"997\" data-end=\"1130\"><strong data-start=\"997\" data-end=\"1018\">Cromado brillante<\/strong>, para una apariencia pulida y un dise\u00f1o de alto nivel que se complementa con la decoraci\u00f3n de cualquier ba\u00f1o.<\/p>\n<\/li>\n<li class=\"\" data-start=\"1131\" data-end=\"1235\">\n<p class=\"\" data-start=\"1133\" data-end=\"1235\"><strong data-start=\"1133\" data-end=\"1152\">Estilo refinado<\/strong>: Su acabado de alta calidad asegura que el grifo mantenga su brillo con el tiempo.<\/p>\n<\/li>\n<\/ul>\n","protected":false},"excerpt":{"rendered":"<p>Este grifo empotrado redondo monomando de la Serie Torina presenta  [&#8230;]<\/p>\n","protected":false},"featured_media":13220,"template":"","meta":[],"product_brand":[],"product_cat":[58],"product_tag":[],"serie":[397],"manual-de-instalacion":[81],"color":[26],"class_list":{"0":"post-10844","1":"product","2":"type-product","3":"status-publish","4":"has-post-thumbnail","6":"product_cat-grifos-de-lavabo-empotrados","7":"serie-torina","8":"manual-de-instalacion-guia-instalacion-grifo-lavabo-empotrado-sin-caja","9":"color-cromo","11":"first","12":"instock","13":"taxable","14":"shipping-taxable","15":"product-type-simple"},"_links":{"self":[{"href":"https:\/\/www.valaz.es\/en\/wp-json\/wp\/v2\/product\/10844","targetHints":{"allow":["GET"]}}],"collection":[{"href":"https:\/\/www.valaz.es\/en\/wp-json\/wp\/v2\/product"}],"about":[{"href":"https:\/\/www.valaz.es\/en\/wp-json\/wp\/v2\/types\/product"}],"wp:featuredmedia":[{"embeddable":true,"href":"https:\/\/www.valaz.es\/en\/wp-json\/wp\/v2\/media\/13220"}],"wp:attachment":[{"href":"https:\/\/www.valaz.es\/en\/wp-json\/wp\/v2\/media?parent=10844"}],"wp:term":[{"taxonomy":"product_brand","embeddable":true,"href":"https:\/\/www.valaz.es\/en\/wp-json\/wp\/v2\/product_brand?post=10844"},{"taxonomy":"product_cat","embeddable":true,"href":"https:\/\/www.valaz.es\/en\/wp-json\/wp\/v2\/product_cat?post=10844"},{"taxonomy":"product_tag","embeddable":true,"href":"https:\/\/www.valaz.es\/en\/wp-json\/wp\/v2\/product_tag?post=10844"},{"taxonomy":"serie","embeddable":true,"href":"https:\/\/www.valaz.es\/en\/wp-json\/wp\/v2\/serie?post=10844"},{"taxonomy":"manual-de-instalacion","embeddable":true,"href":"https:\/\/www.valaz.es\/en\/wp-json\/wp\/v2\/manual-de-instalacion?post=10844"},{"taxonomy":"color","embeddable":true,"href":"https:\/\/www.valaz.es\/en\/wp-json\/wp\/v2\/color?post=10844"}],"curies":[{"name":"wp","href":"https:\/\/api.w.org\/{rel}","templated":true}]}}