{"id":1023,"date":"2022-11-17T12:14:29","date_gmt":"2022-11-17T11:14:29","guid":{"rendered":"https:\/\/www.valaz.es\/?post_type=product&#038;p=1023"},"modified":"2025-11-26T10:54:26","modified_gmt":"2025-11-26T09:54:26","slug":"grifo-de-banera-exenta-de-pie-negro-mate-con-tridente-alto-serie-turia","status":"publish","type":"product","link":"https:\/\/www.valaz.es\/en\/product\/grifo-de-banera-exenta-de-pie-negro-mate-con-tridente-alto-serie-turia\/","title":{"rendered":"Grifo de ba\u00f1era exenta de pie negro mate con tridente alto &#8211; Serie Turia"},"content":{"rendered":"<p class=\"\" data-start=\"140\" data-end=\"401\">Grifo de ba\u00f1era exenta de instalaci\u00f3n a suelo con dise\u00f1o estilizado y elegante acabado negro mate. Su estructura alta con tridente lo convierte en el complemento perfecto para ba\u00f1eras exentas, combinando funcionalidad y est\u00e9tica contempor\u00e1nea.<\/p>\n<p class=\"\" data-start=\"403\" data-end=\"425\"><strong data-start=\"403\" data-end=\"423\">Especificaciones<\/strong><\/p>\n<ul data-start=\"426\" data-end=\"614\">\n<li class=\"\" data-start=\"426\" data-end=\"461\">\n<p class=\"\" data-start=\"428\" data-end=\"461\">Grifo de pie para ba\u00f1era exenta<\/p>\n<\/li>\n<li class=\"\" data-start=\"462\" data-end=\"509\">\n<p class=\"\" data-start=\"464\" data-end=\"509\">Cuerpo de la grifer\u00eda en acabado negro mate<\/p>\n<\/li>\n<li class=\"\" data-start=\"510\" data-end=\"538\">\n<p class=\"\" data-start=\"512\" data-end=\"538\">Alcachofa de mano de PVC<\/p>\n<\/li>\n<li class=\"\" data-start=\"539\" data-end=\"555\">\n<p class=\"\" data-start=\"541\" data-end=\"555\">Flexo de PVC<\/p>\n<\/li>\n<li class=\"\" data-start=\"556\" data-end=\"614\">\n<p class=\"\" data-start=\"558\" data-end=\"614\">Dise\u00f1o con tridente alto para mayor presencia est\u00e9tica<\/p>\n<\/li>\n<\/ul>\n","protected":false},"excerpt":{"rendered":"<p>Serie Turia destacan por sus acabados redondos, con una sencillez hacen el conjunto minimalista y pr\u00e1cticas para disfrutar de un ba\u00f1o relajante. Fabricadas en lat\u00f3n cromado y negro mate, incluyen alcachofa y flexo.<\/p>\n<p>La garant\u00eda de todos nuestros productos es de 3 a\u00f1os, para funcionamiento, duraci\u00f3n del esmaltado y anticorrosi\u00f3n.<\/p>\n<p>Recomendamos para un correcto mantenimiento de la grifer\u00eda y evitar el deterioro por el uso. Secar las gotas de agua con un pa\u00f1o suave despu\u00e9s del uso, evitando que se posen en la superficie y deterioran el acabado, no utilizar esponjas que puedan rayar la grifer\u00eda, utilizar limpiadores como vinagre limpieza, agua caliente y jab\u00f3n con ph neutro.<\/p>\n<p>&nbsp;<\/p>\n<p><strong>Nuestro departamento\u00a0t\u00e9cnico\u00a0dispone de\u00a0gu\u00edas\u00a0de todos los\u00a0modelos\u00a0empotrados\u00a0que vendemos<\/strong><strong>,\u00a0si tiene alguna duda con la\u00a0instalaci\u00f3n\u00a0contacte con nosotros mediante\u00a0tel\u00e9fono,\u00a0WhatsApp\u00a0o email dentro del horario laboral indicado en la web.<\/strong><\/p>\n<p><strong>Recuerden que una vez instalado el cuerpo\u00a0empotrado\u00a0de la\u00a0grifer\u00eda\u00a0revisar de su correcto funcionamiento de paso de agua, comprobaci\u00f3n de cartuchos y corte de agua, si detecta alguna\u00a0anomal\u00eda\u00a0informe a nuestro\u00a0departamento\u00a0para darle una\u00a0soluci\u00f3n, no\u00a0contin\u00fae\u00a0con la\u00a0instalaci\u00f3n\u00a0de cerramiento de la pared.<\/strong><\/p>\n<p>&nbsp;<\/p>\n","protected":false},"featured_media":4731,"template":"","meta":[],"product_brand":[],"product_cat":[60,49],"product_tag":[],"serie":[22],"manual-de-instalacion":[84],"color":[26],"class_list":{"0":"post-1023","1":"product","2":"type-product","3":"status-publish","4":"has-post-thumbnail","6":"product_cat-griferia-de-banera","7":"product_cat-grifos-de-banera-exenta","8":"serie-turia","9":"manual-de-instalacion-guia-instalacion-grifo-exenta","10":"color-cromo","12":"first","13":"instock","14":"taxable","15":"shipping-taxable","16":"product-type-simple"},"_links":{"self":[{"href":"https:\/\/www.valaz.es\/en\/wp-json\/wp\/v2\/product\/1023","targetHints":{"allow":["GET"]}}],"collection":[{"href":"https:\/\/www.valaz.es\/en\/wp-json\/wp\/v2\/product"}],"about":[{"href":"https:\/\/www.valaz.es\/en\/wp-json\/wp\/v2\/types\/product"}],"wp:featuredmedia":[{"embeddable":true,"href":"https:\/\/www.valaz.es\/en\/wp-json\/wp\/v2\/media\/4731"}],"wp:attachment":[{"href":"https:\/\/www.valaz.es\/en\/wp-json\/wp\/v2\/media?parent=1023"}],"wp:term":[{"taxonomy":"product_brand","embeddable":true,"href":"https:\/\/www.valaz.es\/en\/wp-json\/wp\/v2\/product_brand?post=1023"},{"taxonomy":"product_cat","embeddable":true,"href":"https:\/\/www.valaz.es\/en\/wp-json\/wp\/v2\/product_cat?post=1023"},{"taxonomy":"product_tag","embeddable":true,"href":"https:\/\/www.valaz.es\/en\/wp-json\/wp\/v2\/product_tag?post=1023"},{"taxonomy":"serie","embeddable":true,"href":"https:\/\/www.valaz.es\/en\/wp-json\/wp\/v2\/serie?post=1023"},{"taxonomy":"manual-de-instalacion","embeddable":true,"href":"https:\/\/www.valaz.es\/en\/wp-json\/wp\/v2\/manual-de-instalacion?post=1023"},{"taxonomy":"color","embeddable":true,"href":"https:\/\/www.valaz.es\/en\/wp-json\/wp\/v2\/color?post=1023"}],"curies":[{"name":"wp","href":"https:\/\/api.w.org\/{rel}","templated":true}]}}