{"id":10088,"date":"2024-01-03T13:18:35","date_gmt":"2024-01-03T12:18:35","guid":{"rendered":"https:\/\/www.valaz.es\/?post_type=product&#038;p=10088"},"modified":"2025-09-04T10:02:23","modified_gmt":"2025-09-04T08:02:23","slug":"grifo-lavabo-empotrado-redondo-monomando-cromado-cano-serie-tuejar","status":"publish","type":"product","link":"https:\/\/www.valaz.es\/en\/product\/grifo-lavabo-empotrado-redondo-monomando-cromado-cano-serie-tuejar\/","title":{"rendered":"Grifo lavabo empotrado redondo monomando cromado con ca\u00f1o 21CM- Serie Tuejar"},"content":{"rendered":"<p class=\"\" data-start=\"87\" data-end=\"217\">Grifo empotrado de dise\u00f1o redondo y l\u00edneas limpias, perfecto para ba\u00f1os contempor\u00e1neos que buscan un acabado elegante y funcional.<\/p>\n<p class=\"\" data-start=\"219\" data-end=\"239\"><strong data-start=\"219\" data-end=\"239\">Caracter\u00edsticas:<\/strong><\/p>\n<ul data-start=\"240\" data-end=\"519\">\n<li class=\"\" data-start=\"240\" data-end=\"285\">\n<p class=\"\" data-start=\"242\" data-end=\"285\"><strong data-start=\"242\" data-end=\"251\">Tipo:<\/strong> Monomando empotrado para lavabo<\/p>\n<\/li>\n<li class=\"\" data-start=\"286\" data-end=\"333\">\n<p class=\"\" data-start=\"288\" data-end=\"333\"><strong data-start=\"288\" data-end=\"299\">Dise\u00f1o:<\/strong> Redondo, con ca\u00f1o fijo de 21 cm<\/p>\n<\/li>\n<li class=\"\" data-start=\"334\" data-end=\"386\">\n<p class=\"\" data-start=\"336\" data-end=\"386\"><strong data-start=\"336\" data-end=\"349\">Material:<\/strong> Cuerpo de la grifer\u00eda en <strong data-start=\"375\" data-end=\"384\">lat\u00f3n<\/strong><\/p>\n<\/li>\n<li class=\"\" data-start=\"387\" data-end=\"422\">\n<p class=\"\" data-start=\"389\" data-end=\"422\"><strong data-start=\"389\" data-end=\"402\">Cartucho:<\/strong> Cer\u00e1mico de 35 mm<\/p>\n<\/li>\n<li class=\"\" data-start=\"469\" data-end=\"519\">\n<p class=\"\" data-start=\"471\" data-end=\"519\"><strong data-start=\"471\" data-end=\"483\">Acabado:<\/strong> <strong data-start=\"484\" data-end=\"495\">Cromado<\/strong>, brillante y resistente<\/p>\n<\/li>\n<\/ul>\n","protected":false},"excerpt":{"rendered":"<p>Grifo empotrado de dise\u00f1o redondo y l\u00edneas limpias, perfecto para  [&#8230;]<\/p>\n","protected":false},"featured_media":10063,"template":"","meta":[],"product_brand":[],"product_cat":[58],"product_tag":[],"serie":[385],"manual-de-instalacion":[81],"color":[26],"class_list":{"0":"post-10088","1":"product","2":"type-product","3":"status-publish","4":"has-post-thumbnail","6":"product_cat-grifos-de-lavabo-empotrados","7":"serie-tuejar","8":"manual-de-instalacion-guia-instalacion-grifo-lavabo-empotrado-sin-caja","9":"color-cromo","11":"first","12":"instock","13":"taxable","14":"shipping-taxable","15":"product-type-simple"},"_links":{"self":[{"href":"https:\/\/www.valaz.es\/en\/wp-json\/wp\/v2\/product\/10088","targetHints":{"allow":["GET"]}}],"collection":[{"href":"https:\/\/www.valaz.es\/en\/wp-json\/wp\/v2\/product"}],"about":[{"href":"https:\/\/www.valaz.es\/en\/wp-json\/wp\/v2\/types\/product"}],"wp:featuredmedia":[{"embeddable":true,"href":"https:\/\/www.valaz.es\/en\/wp-json\/wp\/v2\/media\/10063"}],"wp:attachment":[{"href":"https:\/\/www.valaz.es\/en\/wp-json\/wp\/v2\/media?parent=10088"}],"wp:term":[{"taxonomy":"product_brand","embeddable":true,"href":"https:\/\/www.valaz.es\/en\/wp-json\/wp\/v2\/product_brand?post=10088"},{"taxonomy":"product_cat","embeddable":true,"href":"https:\/\/www.valaz.es\/en\/wp-json\/wp\/v2\/product_cat?post=10088"},{"taxonomy":"product_tag","embeddable":true,"href":"https:\/\/www.valaz.es\/en\/wp-json\/wp\/v2\/product_tag?post=10088"},{"taxonomy":"serie","embeddable":true,"href":"https:\/\/www.valaz.es\/en\/wp-json\/wp\/v2\/serie?post=10088"},{"taxonomy":"manual-de-instalacion","embeddable":true,"href":"https:\/\/www.valaz.es\/en\/wp-json\/wp\/v2\/manual-de-instalacion?post=10088"},{"taxonomy":"color","embeddable":true,"href":"https:\/\/www.valaz.es\/en\/wp-json\/wp\/v2\/color?post=10088"}],"curies":[{"name":"wp","href":"https:\/\/api.w.org\/{rel}","templated":true}]}}