{"id":10079,"date":"2024-01-03T13:18:27","date_gmt":"2024-01-03T12:18:27","guid":{"rendered":"https:\/\/www.valaz.es\/?post_type=product&#038;p=10079"},"modified":"2026-02-04T17:23:08","modified_gmt":"2026-02-04T16:23:08","slug":"ducha-empotrada-monomando-a-pared-redonda-cromada-serie-tuejar","status":"publish","type":"product","link":"https:\/\/www.valaz.es\/en\/product\/ducha-empotrada-monomando-a-pared-redonda-cromada-serie-tuejar\/","title":{"rendered":"Ducha empotrada monomando a pared redonda cromada &#8211; Serie Tuejar"},"content":{"rendered":"<p class=\"\" data-start=\"137\" data-end=\"696\"><br data-start=\"153\" data-end=\"156\" \/>La ducha empotrada monomando a pared redonda de la Serie Tuejar combina un dise\u00f1o elegante con un acabado cromado de alta durabilidad. Su monomando de 2 v\u00edas permite seleccionar entre el rociador de efecto lluvia y la alcachofa de mano para ofrecer una experiencia de ducha vers\u00e1til. El rociador est\u00e1 disponible en tres tama\u00f1os (20, 25 y 30 cm) y cuenta con soporte a pared, lo que asegura una instalaci\u00f3n segura y est\u00e9tica. Adem\u00e1s, el flexo de acero inoxidable y la alcachofa de mano de PVC aseguran una larga vida \u00fatil y facilidad de uso.<\/p>\n<p class=\"\" data-start=\"698\" data-end=\"710\"><strong data-start=\"698\" data-end=\"710\">Incluye:<\/strong><\/p>\n<ul data-start=\"711\" data-end=\"898\">\n<li class=\"\" data-start=\"711\" data-end=\"778\">\n<p class=\"\" data-start=\"713\" data-end=\"778\">Rociador disponible en tama\u00f1o 20, 25 y 30 cm con soporte a pared.<\/p>\n<\/li>\n<li class=\"\" data-start=\"779\" data-end=\"846\">\n<p class=\"\" data-start=\"781\" data-end=\"846\">Monomando de 2 v\u00edas (rociador efecto lluvia y alcachofa de mano).<\/p>\n<\/li>\n<li class=\"\" data-start=\"847\" data-end=\"865\">\n<p class=\"\" data-start=\"849\" data-end=\"865\">Flexo de 150 cm.<\/p>\n<\/li>\n<li class=\"\" data-start=\"866\" data-end=\"898\">\n<p class=\"\" data-start=\"868\" data-end=\"898\">Alcachofa de mano con soporte.<\/p>\n<\/li>\n<li>Caja box empotrable<\/li>\n<\/ul>\n<p class=\"\" data-start=\"900\" data-end=\"915\"><strong data-start=\"900\" data-end=\"915\">Materiales:<\/strong><\/p>\n<ul data-start=\"916\" data-end=\"1018\">\n<li class=\"\" data-start=\"916\" data-end=\"945\">\n<p class=\"\" data-start=\"918\" data-end=\"945\">Rociador: Acero inoxidable.<\/p>\n<\/li>\n<li class=\"\" data-start=\"946\" data-end=\"965\">\n<p class=\"\" data-start=\"948\" data-end=\"965\">Monomando: Lat\u00f3n.<\/p>\n<\/li>\n<li class=\"\" data-start=\"966\" data-end=\"991\">\n<p class=\"\" data-start=\"968\" data-end=\"991\">Alcachofa de mano: PVC.<\/p>\n<\/li>\n<li class=\"\" data-start=\"992\" data-end=\"1018\">\n<p class=\"\" data-start=\"994\" data-end=\"1018\">Flexo: Acero inoxidable.<\/p>\n<\/li>\n<\/ul>\n<p class=\"\" data-start=\"1020\" data-end=\"1040\"><strong data-start=\"1020\" data-end=\"1032\">Acabado:<\/strong> Cromado<\/p>\n<p class=\"\" data-start=\"1042\" data-end=\"1056\"><strong data-start=\"1042\" data-end=\"1056\">Funciones:<\/strong><\/p>\n<ul data-start=\"1057\" data-end=\"1119\">\n<li class=\"\" data-start=\"1057\" data-end=\"1086\">\n<p class=\"\" data-start=\"1059\" data-end=\"1086\">Efecto lluvia del rociador.<\/p>\n<\/li>\n<li class=\"\" data-start=\"1087\" data-end=\"1119\">\n<p class=\"\" data-start=\"1089\" data-end=\"1119\">Alcachofa de mano con soporte.<\/p>\n<\/li>\n<\/ul>\n","protected":false},"excerpt":{"rendered":"<p>La ducha empotrada monomando a pared redonda de la Serie  [&#8230;]<\/p>\n","protected":false},"featured_media":10071,"template":"","meta":[],"product_brand":[],"product_cat":[57],"product_tag":[],"serie":[385],"manual-de-instalacion":[78],"color":[26],"class_list":{"0":"post-10079","1":"product","2":"type-product","3":"status-publish","4":"has-post-thumbnail","6":"product_cat-duchas-empotradas","7":"pa_tamano-rociador-20cm","8":"pa_tamano-rociador-25cm","9":"pa_tamano-rociador-30cm","10":"serie-tuejar","11":"manual-de-instalacion-guia-instalacion-duchas-empotradas-monomando","12":"color-cromo","14":"first","15":"instock","16":"taxable","17":"shipping-taxable","18":"product-type-variable"},"_links":{"self":[{"href":"https:\/\/www.valaz.es\/en\/wp-json\/wp\/v2\/product\/10079","targetHints":{"allow":["GET"]}}],"collection":[{"href":"https:\/\/www.valaz.es\/en\/wp-json\/wp\/v2\/product"}],"about":[{"href":"https:\/\/www.valaz.es\/en\/wp-json\/wp\/v2\/types\/product"}],"wp:featuredmedia":[{"embeddable":true,"href":"https:\/\/www.valaz.es\/en\/wp-json\/wp\/v2\/media\/10071"}],"wp:attachment":[{"href":"https:\/\/www.valaz.es\/en\/wp-json\/wp\/v2\/media?parent=10079"}],"wp:term":[{"taxonomy":"product_brand","embeddable":true,"href":"https:\/\/www.valaz.es\/en\/wp-json\/wp\/v2\/product_brand?post=10079"},{"taxonomy":"product_cat","embeddable":true,"href":"https:\/\/www.valaz.es\/en\/wp-json\/wp\/v2\/product_cat?post=10079"},{"taxonomy":"product_tag","embeddable":true,"href":"https:\/\/www.valaz.es\/en\/wp-json\/wp\/v2\/product_tag?post=10079"},{"taxonomy":"serie","embeddable":true,"href":"https:\/\/www.valaz.es\/en\/wp-json\/wp\/v2\/serie?post=10079"},{"taxonomy":"manual-de-instalacion","embeddable":true,"href":"https:\/\/www.valaz.es\/en\/wp-json\/wp\/v2\/manual-de-instalacion?post=10079"},{"taxonomy":"color","embeddable":true,"href":"https:\/\/www.valaz.es\/en\/wp-json\/wp\/v2\/color?post=10079"}],"curies":[{"name":"wp","href":"https:\/\/api.w.org\/{rel}","templated":true}]}}