{"id":10075,"date":"2024-01-03T13:18:23","date_gmt":"2024-01-03T12:18:23","guid":{"rendered":"https:\/\/www.valaz.es\/?post_type=product&#038;p=10075"},"modified":"2025-06-27T11:37:35","modified_gmt":"2025-06-27T09:37:35","slug":"ducha-empotrada-monomando-a-pared-redonda-negro-mate-serie-tuejar","status":"publish","type":"product","link":"https:\/\/www.valaz.es\/en\/product\/ducha-empotrada-monomando-a-pared-redonda-negro-mate-serie-tuejar\/","title":{"rendered":"Ducha empotrada monomando a pared redonda negro mate &#8211; Serie Tuejar"},"content":{"rendered":"<p class=\"\" data-start=\"166\" data-end=\"611\">Disfruta de una experiencia de ducha \u00fanica con esta columna empotrada de dise\u00f1o elegante y moderno en acabado negro mate. Equipada con un rociador de efecto lluvia y una alcachofa de mano, esta ducha ofrece un alto rendimiento y estilo. El monomando de 2 v\u00edas te permite controlar el flujo del agua f\u00e1cilmente, adapt\u00e1ndose a tus necesidades. Su dise\u00f1o empotrado optimiza el espacio y proporciona un aspecto limpio y sofisticado.<\/p>\n<p class=\"\" data-start=\"613\" data-end=\"634\"><strong data-start=\"613\" data-end=\"634\">Especificaciones:<\/strong><\/p>\n<ul data-start=\"635\" data-end=\"1092\">\n<li class=\"\" data-start=\"635\" data-end=\"679\">\n<p class=\"\" data-start=\"637\" data-end=\"679\"><strong data-start=\"637\" data-end=\"661\">Tipo de instalaci\u00f3n:<\/strong> Empotrada a pared<\/p>\n<\/li>\n<li class=\"\" data-start=\"680\" data-end=\"739\">\n<p class=\"\" data-start=\"682\" data-end=\"739\"><strong data-start=\"682\" data-end=\"705\">Monomando de 2 v\u00edas<\/strong> para rociador y alcachofa de mano<\/p>\n<\/li>\n<li class=\"\" data-start=\"740\" data-end=\"792\">\n<p class=\"\" data-start=\"742\" data-end=\"792\"><strong data-start=\"742\" data-end=\"755\">Rociador:<\/strong> Disponible en tama\u00f1os 20, 25 y 30 cm<\/p>\n<\/li>\n<li class=\"\" data-start=\"793\" data-end=\"926\">\n<p class=\"\" data-start=\"795\" data-end=\"811\"><strong data-start=\"795\" data-end=\"810\">Materiales:<\/strong><\/p>\n<ul data-start=\"814\" data-end=\"926\">\n<li class=\"\" data-start=\"814\" data-end=\"844\">\n<p class=\"\" data-start=\"816\" data-end=\"844\">Rociador de acero inoxidable<\/p>\n<\/li>\n<li class=\"\" data-start=\"847\" data-end=\"867\">\n<p class=\"\" data-start=\"849\" data-end=\"867\">Monomando de lat\u00f3n<\/p>\n<\/li>\n<li class=\"\" data-start=\"870\" data-end=\"896\">\n<p class=\"\" data-start=\"872\" data-end=\"896\">Alcachofa de mano de PVC<\/p>\n<\/li>\n<li class=\"\" data-start=\"899\" data-end=\"926\">\n<p class=\"\" data-start=\"901\" data-end=\"926\">Flexo de PVC<\/p>\n<\/li>\n<\/ul>\n<\/li>\n<li class=\"\" data-start=\"927\" data-end=\"952\">\n<p class=\"\" data-start=\"929\" data-end=\"952\"><strong data-start=\"929\" data-end=\"941\">Acabado:<\/strong> Negro mate<\/p>\n<\/li>\n<li class=\"\" data-start=\"953\" data-end=\"1027\">\n<p class=\"\" data-start=\"955\" data-end=\"1027\"><strong data-start=\"955\" data-end=\"969\">Funciones:<\/strong> Efecto lluvia del rociador y funci\u00f3n de alcachofa de mano<\/p>\n<\/li>\n<li data-start=\"953\" data-end=\"1027\"><strong>Incluye:<\/strong>\u00a0Caja box empotrable<\/li>\n<li class=\"\" data-start=\"1028\" data-end=\"1047\">\n<p class=\"\" data-start=\"1030\" data-end=\"1047\"><strong data-start=\"1030\" data-end=\"1040\">Flexo:<\/strong> 150 cm<\/p>\n<\/li>\n<li class=\"\" data-start=\"1048\" data-end=\"1092\">\n<p class=\"\" data-start=\"1050\" data-end=\"1092\"><strong data-start=\"1050\" data-end=\"1062\">Soporte:<\/strong> Alcachofa de mano con soporte<\/p>\n<\/li>\n<\/ul>\n","protected":false},"excerpt":{"rendered":"<p>Disfruta de una experiencia de ducha \u00fanica con esta columna  [&#8230;]<\/p>\n","protected":false},"featured_media":10047,"template":"","meta":[],"product_brand":[],"product_cat":[57,47],"product_tag":[],"serie":[385],"manual-de-instalacion":[78],"color":[27],"class_list":{"0":"post-10075","1":"product","2":"type-product","3":"status-publish","4":"has-post-thumbnail","6":"product_cat-duchas-empotradas","7":"product_cat-duchas","8":"pa_tamano-rociador-20cm","9":"pa_tamano-rociador-25cm","10":"pa_tamano-rociador-30cm","11":"serie-tuejar","12":"manual-de-instalacion-guia-instalacion-duchas-empotradas-monomando","13":"color-negro-mate","15":"first","16":"instock","17":"taxable","18":"shipping-taxable","19":"product-type-variable"},"_links":{"self":[{"href":"https:\/\/www.valaz.es\/en\/wp-json\/wp\/v2\/product\/10075","targetHints":{"allow":["GET"]}}],"collection":[{"href":"https:\/\/www.valaz.es\/en\/wp-json\/wp\/v2\/product"}],"about":[{"href":"https:\/\/www.valaz.es\/en\/wp-json\/wp\/v2\/types\/product"}],"wp:featuredmedia":[{"embeddable":true,"href":"https:\/\/www.valaz.es\/en\/wp-json\/wp\/v2\/media\/10047"}],"wp:attachment":[{"href":"https:\/\/www.valaz.es\/en\/wp-json\/wp\/v2\/media?parent=10075"}],"wp:term":[{"taxonomy":"product_brand","embeddable":true,"href":"https:\/\/www.valaz.es\/en\/wp-json\/wp\/v2\/product_brand?post=10075"},{"taxonomy":"product_cat","embeddable":true,"href":"https:\/\/www.valaz.es\/en\/wp-json\/wp\/v2\/product_cat?post=10075"},{"taxonomy":"product_tag","embeddable":true,"href":"https:\/\/www.valaz.es\/en\/wp-json\/wp\/v2\/product_tag?post=10075"},{"taxonomy":"serie","embeddable":true,"href":"https:\/\/www.valaz.es\/en\/wp-json\/wp\/v2\/serie?post=10075"},{"taxonomy":"manual-de-instalacion","embeddable":true,"href":"https:\/\/www.valaz.es\/en\/wp-json\/wp\/v2\/manual-de-instalacion?post=10075"},{"taxonomy":"color","embeddable":true,"href":"https:\/\/www.valaz.es\/en\/wp-json\/wp\/v2\/color?post=10075"}],"curies":[{"name":"wp","href":"https:\/\/api.w.org\/{rel}","templated":true}]}}