{"id":10028,"date":"2023-12-28T16:53:53","date_gmt":"2023-12-28T15:53:53","guid":{"rendered":"https:\/\/www.valaz.es\/?post_type=product&#038;p=10028"},"modified":"2026-04-13T13:23:16","modified_gmt":"2026-04-13T11:23:16","slug":"grifo-de-bide-cuadrado-monomando-cromado-serie-carrion","status":"publish","type":"product","link":"https:\/\/www.valaz.es\/en\/product\/grifo-de-bide-cuadrado-monomando-cromado-serie-carrion\/","title":{"rendered":"Grifo de bid\u00e9 cuadrado monomando cromado &#8211; Serie Carri\u00f3n"},"content":{"rendered":"<p class=\"\" data-start=\"130\" data-end=\"698\">El grifo de bid\u00e9 monomando cuadrado cromado de la serie Carri\u00f3n es una opci\u00f3n perfecta para aquellos que buscan una pieza funcional y de dise\u00f1o moderno para su ba\u00f1o. Su dise\u00f1o cuadrado y su acabado cromado le dan un toque contempor\u00e1neo que combina perfectamente con cualquier estilo de ba\u00f1o. Adem\u00e1s, gracias a su cartucho cer\u00e1mico de 35 mm, proporciona un control preciso y duradero de la temperatura y el flujo del agua. Este grifo est\u00e1 dise\u00f1ado para instalarse f\u00e1cilmente, y su latiguillo 3\/8 lo convierte en una opci\u00f3n pr\u00e1ctica para una instalaci\u00f3n r\u00e1pida y segura.<\/p>\n<p class=\"\" data-start=\"700\" data-end=\"715\"><strong data-start=\"700\" data-end=\"715\">Materiales:<\/strong><\/p>\n<ul data-start=\"716\" data-end=\"813\">\n<li class=\"\" data-start=\"716\" data-end=\"754\">\n<p class=\"\" data-start=\"718\" data-end=\"754\">Cuerpo de grifer\u00eda en lat\u00f3n cromado.<\/p>\n<\/li>\n<li class=\"\" data-start=\"755\" data-end=\"784\">\n<p class=\"\" data-start=\"757\" data-end=\"784\">Cartucho cer\u00e1mico de 35 mm.<\/p>\n<\/li>\n<li class=\"\" data-start=\"785\" data-end=\"813\">\n<p class=\"\" data-start=\"787\" data-end=\"813\">Latiguillos 3\/8 incluidos.<\/p>\n<\/li>\n<\/ul>\n<p class=\"\" data-start=\"815\" data-end=\"836\"><strong data-start=\"815\" data-end=\"836\">Especificaciones:<\/strong><\/p>\n<ul data-start=\"837\" data-end=\"950\">\n<li class=\"\" data-start=\"837\" data-end=\"864\">\n<p class=\"\" data-start=\"839\" data-end=\"864\">Tipo de grifo: Monomando.<\/p>\n<\/li>\n<li class=\"\" data-start=\"865\" data-end=\"890\">\n<p class=\"\" data-start=\"867\" data-end=\"890\">Instalaci\u00f3n: Empotrado.<\/p>\n<\/li>\n<li class=\"\" data-start=\"891\" data-end=\"910\">\n<p class=\"\" data-start=\"893\" data-end=\"910\">Acabado: Cromado.<\/p>\n<\/li>\n<li class=\"\" data-start=\"911\" data-end=\"927\">\n<p class=\"\" data-start=\"913\" data-end=\"927\">Conexi\u00f3n: 3\/8.<\/p>\n<\/li>\n<li class=\"\" data-start=\"928\" data-end=\"950\">\n<p class=\"\" data-start=\"930\" data-end=\"950\">Tipo de ca\u00f1o: Recto.<\/p>\n<\/li>\n<\/ul>\n","protected":false},"excerpt":{"rendered":"<p>El grifo de bid\u00e9 monomando cuadrado cromado de la serie  [&#8230;]<\/p>\n","protected":false},"featured_media":10012,"template":"","meta":[],"product_brand":[],"product_cat":[54],"product_tag":[],"serie":[383],"manual-de-instalacion":[83],"color":[26],"class_list":{"0":"post-10028","1":"product","2":"type-product","3":"status-publish","4":"has-post-thumbnail","6":"product_cat-grifos-de-bidet","7":"serie-carrion","8":"manual-de-instalacion-guia-instalacion-grifo-superficie","9":"color-cromo","11":"first","12":"instock","13":"taxable","14":"shipping-taxable","15":"product-type-simple"},"_links":{"self":[{"href":"https:\/\/www.valaz.es\/en\/wp-json\/wp\/v2\/product\/10028","targetHints":{"allow":["GET"]}}],"collection":[{"href":"https:\/\/www.valaz.es\/en\/wp-json\/wp\/v2\/product"}],"about":[{"href":"https:\/\/www.valaz.es\/en\/wp-json\/wp\/v2\/types\/product"}],"wp:featuredmedia":[{"embeddable":true,"href":"https:\/\/www.valaz.es\/en\/wp-json\/wp\/v2\/media\/10012"}],"wp:attachment":[{"href":"https:\/\/www.valaz.es\/en\/wp-json\/wp\/v2\/media?parent=10028"}],"wp:term":[{"taxonomy":"product_brand","embeddable":true,"href":"https:\/\/www.valaz.es\/en\/wp-json\/wp\/v2\/product_brand?post=10028"},{"taxonomy":"product_cat","embeddable":true,"href":"https:\/\/www.valaz.es\/en\/wp-json\/wp\/v2\/product_cat?post=10028"},{"taxonomy":"product_tag","embeddable":true,"href":"https:\/\/www.valaz.es\/en\/wp-json\/wp\/v2\/product_tag?post=10028"},{"taxonomy":"serie","embeddable":true,"href":"https:\/\/www.valaz.es\/en\/wp-json\/wp\/v2\/serie?post=10028"},{"taxonomy":"manual-de-instalacion","embeddable":true,"href":"https:\/\/www.valaz.es\/en\/wp-json\/wp\/v2\/manual-de-instalacion?post=10028"},{"taxonomy":"color","embeddable":true,"href":"https:\/\/www.valaz.es\/en\/wp-json\/wp\/v2\/color?post=10028"}],"curies":[{"name":"wp","href":"https:\/\/api.w.org\/{rel}","templated":true}]}}